{"id":1224136,"date":"2022-10-19T05:05:02","date_gmt":"2022-10-19T05:05:02","guid":{"rendered":"https:\/\/universeproduction.eu\/product\/mens-glory-sweater\/"},"modified":"2022-10-19T05:05:02","modified_gmt":"2022-10-19T05:05:02","slug":"mens-glory-sweater","status":"publish","type":"product","link":"https:\/\/universeproduction.com\/pl\/produkt\/mens-glory-sweater\/","title":{"rendered":"Men\u00b4s Glory Sweater"},"content":{"rendered":"<p>Dekolt w szpic | Dopasowany fason | \u015aci\u0105gacze z dzianiny 1&#215;1 z dodatkiem elastanu | Dzianinowe r\u0119kawy<\/p>\n","protected":false},"excerpt":{"rendered":"<p>Dekolt w szpic | Dopasowany fason | \u015aci\u0105gacze z dzianiny 1&#215;1 z dodatkiem elastanu | Dzianinowe r\u0119kawy<\/p>\n","protected":false},"featured_media":1224556,"template":"","meta":[],"product_cat":[99839,100438],"product_tag":[],"_links":{"self":[{"href":"https:\/\/universeproduction.com\/pl\/wp-json\/wp\/v2\/product\/1224136"}],"collection":[{"href":"https:\/\/universeproduction.com\/pl\/wp-json\/wp\/v2\/product"}],"about":[{"href":"https:\/\/universeproduction.com\/pl\/wp-json\/wp\/v2\/types\/product"}],"wp:featuredmedia":[{"embeddable":true,"href":"https:\/\/universeproduction.com\/pl\/wp-json\/wp\/v2\/media\/1224556"}],"wp:attachment":[{"href":"https:\/\/universeproduction.com\/pl\/wp-json\/wp\/v2\/media?parent=1224136"}],"wp:term":[{"taxonomy":"product_cat","embeddable":true,"href":"https:\/\/universeproduction.com\/pl\/wp-json\/wp\/v2\/product_cat?post=1224136"},{"taxonomy":"product_tag","embeddable":true,"href":"https:\/\/universeproduction.com\/pl\/wp-json\/wp\/v2\/product_tag?post=1224136"}],"curies":[{"name":"wp","href":"https:\/\/api.w.org\/{rel}","templated":true}]}}