{"id":1223986,"date":"2022-10-19T05:03:23","date_gmt":"2022-10-19T05:03:23","guid":{"rendered":"https:\/\/universeproduction.eu\/product\/mens-v-neck-knitted-cardigan\/"},"modified":"2022-10-19T05:03:23","modified_gmt":"2022-10-19T05:03:23","slug":"mens-v-neck-knitted-cardigan","status":"publish","type":"product","link":"https:\/\/universeproduction.com\/pl\/produkt\/mens-v-neck-knitted-cardigan\/","title":{"rendered":"Men\u00b4s V-Neck Knitted Cardigan"},"content":{"rendered":"<p>Klasyczny fason | Nowoczesny fason | Kardigan z d\u0142ugim r\u0119kawem i dekoltem w szpic | Dodatek elastanu w \u015bci\u0105gaczach wykroju pach i do\u0142u kamizelki | Kolorystycznie dopasowane guziki | Dopasowany fason | Szybkoschn\u0105ca. \u0141atwa w piel\u0119gnacji<\/p>\n","protected":false},"excerpt":{"rendered":"<p>Klasyczny fason | Nowoczesny fason | Kardigan z d\u0142ugim r\u0119kawem i dekoltem w szpic | Dodatek elastanu w \u015bci\u0105gaczach wykroju pach i do\u0142u kamizelki | Kolorystycznie dopasowane guziki | Dopasowany fason | Szybkoschn\u0105ca. \u0141atwa w piel\u0119gnacji<\/p>\n","protected":false},"featured_media":1152056,"template":"","meta":[],"product_cat":[99839,100438],"product_tag":[],"_links":{"self":[{"href":"https:\/\/universeproduction.com\/pl\/wp-json\/wp\/v2\/product\/1223986"}],"collection":[{"href":"https:\/\/universeproduction.com\/pl\/wp-json\/wp\/v2\/product"}],"about":[{"href":"https:\/\/universeproduction.com\/pl\/wp-json\/wp\/v2\/types\/product"}],"wp:featuredmedia":[{"embeddable":true,"href":"https:\/\/universeproduction.com\/pl\/wp-json\/wp\/v2\/media\/1152056"}],"wp:attachment":[{"href":"https:\/\/universeproduction.com\/pl\/wp-json\/wp\/v2\/media?parent=1223986"}],"wp:term":[{"taxonomy":"product_cat","embeddable":true,"href":"https:\/\/universeproduction.com\/pl\/wp-json\/wp\/v2\/product_cat?post=1223986"},{"taxonomy":"product_tag","embeddable":true,"href":"https:\/\/universeproduction.com\/pl\/wp-json\/wp\/v2\/product_tag?post=1223986"}],"curies":[{"name":"wp","href":"https:\/\/api.w.org\/{rel}","templated":true}]}}