{"id":1223975,"date":"2022-10-18T08:25:10","date_gmt":"2022-10-18T08:25:10","guid":{"rendered":"https:\/\/universeproduction.eu\/product\/maxi-bag-for-life\/"},"modified":"2022-10-18T08:25:10","modified_gmt":"2022-10-18T08:25:10","slug":"maxi-bag-for-life","status":"publish","type":"product","link":"https:\/\/universeproduction.com\/pl\/produkt\/maxi-bag-for-life\/","title":{"rendered":"Maxi Bag For Life"},"content":{"rendered":"<p>100% bawe\u0142na 140g\/m\u00b2 | Du\u017ca pojemno\u015b\u0107 | Mo\u017ce by\u0107 noszona w r\u0119ce lub na ramieniu | D\u0142ugo\u015b\u0107 uchwytu: 58 cm | Pojemno\u015b\u0107: 18 litr\u00f3w | Dostawa bez zawarto\u015bci\/dekoracji<\/p>\n","protected":false},"excerpt":{"rendered":"<p>100% bawe\u0142na 140g\/m\u00b2 | Du\u017ca pojemno\u015b\u0107 | Mo\u017ce by\u0107 noszona w r\u0119ce lub na ramieniu | D\u0142ugo\u015b\u0107 uchwytu: 58 cm | Pojemno\u015b\u0107: 18 litr\u00f3w | Dostawa bez zawarto\u015bci\/dekoracji<\/p>\n","protected":false},"featured_media":1167645,"template":"","meta":[],"product_cat":[100432,100433],"product_tag":[],"_links":{"self":[{"href":"https:\/\/universeproduction.com\/pl\/wp-json\/wp\/v2\/product\/1223975"}],"collection":[{"href":"https:\/\/universeproduction.com\/pl\/wp-json\/wp\/v2\/product"}],"about":[{"href":"https:\/\/universeproduction.com\/pl\/wp-json\/wp\/v2\/types\/product"}],"wp:featuredmedia":[{"embeddable":true,"href":"https:\/\/universeproduction.com\/pl\/wp-json\/wp\/v2\/media\/1167645"}],"wp:attachment":[{"href":"https:\/\/universeproduction.com\/pl\/wp-json\/wp\/v2\/media?parent=1223975"}],"wp:term":[{"taxonomy":"product_cat","embeddable":true,"href":"https:\/\/universeproduction.com\/pl\/wp-json\/wp\/v2\/product_cat?post=1223975"},{"taxonomy":"product_tag","embeddable":true,"href":"https:\/\/universeproduction.com\/pl\/wp-json\/wp\/v2\/product_tag?post=1223975"}],"curies":[{"name":"wp","href":"https:\/\/api.w.org\/{rel}","templated":true}]}}