{"id":1223914,"date":"2022-10-17T08:51:32","date_gmt":"2022-10-17T08:51:32","guid":{"rendered":"https:\/\/universeproduction.eu\/product\/womens-cropped-crew-fleece\/"},"modified":"2022-10-17T08:51:32","modified_gmt":"2022-10-17T08:51:32","slug":"womens-cropped-crew-fleece","status":"publish","type":"product","link":"https:\/\/universeproduction.com\/pl\/produkt\/womens-cropped-crew-fleece\/","title":{"rendered":"Women\u00b4s Cropped Crew Fleece"},"content":{"rendered":"<p>52% czesana bawe\u0142na ring-spun Airlume \/ 48% poliestrowy polar | Szwy boczne | Niewyko\u0144czony d\u00f3\u0142 | Obni\u017cone miejsce wszycia r\u0119kaw\u00f3w | Kr\u00f3tki fason | Pr\u0105\u017ckowane \u015bci\u0105gacze nogawek | Odrywana metka | Dekatyzowana<\/p>\n","protected":false},"excerpt":{"rendered":"<p>52% czesana bawe\u0142na ring-spun Airlume \/ 48% poliestrowy polar | Szwy boczne | Niewyko\u0144czony d\u00f3\u0142 | Obni\u017cone miejsce wszycia r\u0119kaw\u00f3w | Kr\u00f3tki fason | Pr\u0105\u017ckowane \u015bci\u0105gacze nogawek | Odrywana metka | Dekatyzowana<\/p>\n","protected":false},"featured_media":1224711,"template":"","meta":[],"product_cat":[100449,100451,99842],"product_tag":[],"_links":{"self":[{"href":"https:\/\/universeproduction.com\/pl\/wp-json\/wp\/v2\/product\/1223914"}],"collection":[{"href":"https:\/\/universeproduction.com\/pl\/wp-json\/wp\/v2\/product"}],"about":[{"href":"https:\/\/universeproduction.com\/pl\/wp-json\/wp\/v2\/types\/product"}],"wp:featuredmedia":[{"embeddable":true,"href":"https:\/\/universeproduction.com\/pl\/wp-json\/wp\/v2\/media\/1224711"}],"wp:attachment":[{"href":"https:\/\/universeproduction.com\/pl\/wp-json\/wp\/v2\/media?parent=1223914"}],"wp:term":[{"taxonomy":"product_cat","embeddable":true,"href":"https:\/\/universeproduction.com\/pl\/wp-json\/wp\/v2\/product_cat?post=1223914"},{"taxonomy":"product_tag","embeddable":true,"href":"https:\/\/universeproduction.com\/pl\/wp-json\/wp\/v2\/product_tag?post=1223914"}],"curies":[{"name":"wp","href":"https:\/\/api.w.org\/{rel}","templated":true}]}}