{"id":1223820,"date":"2022-10-17T11:43:57","date_gmt":"2022-10-17T11:43:57","guid":{"rendered":"https:\/\/universeproduction.eu\/product\/womens-fashion-fit-outdoor-fleece-jacket\/"},"modified":"2022-10-17T11:43:57","modified_gmt":"2022-10-17T11:43:57","slug":"womens-fashion-fit-outdoor-fleece-jacket","status":"publish","type":"product","link":"https:\/\/universeproduction.com\/pl\/produkt\/womens-fashion-fit-outdoor-fleece-jacket\/","title":{"rendered":"Women\u00b4s Fashion Fit Outdoor Fleece Jacket"},"content":{"rendered":"<p>Zamek b\u0142yskawiczny na ca\u0142ej d\u0142ugo\u015bci | 2 boczne kieszenie zapinane na zamek b\u0142yskawiczny | Lam\u00f3wka na zako\u0144czeniu r\u0119kaw\u00f3w | Kryty szew przy st\u00f3jce | Wszywane r\u0119kawy | Podw\u00f3jne szwy | Dopasowany kr\u00f3j<\/p>\n","protected":false},"excerpt":{"rendered":"<p>Zamek b\u0142yskawiczny na ca\u0142ej d\u0142ugo\u015bci | 2 boczne kieszenie zapinane na zamek b\u0142yskawiczny | Lam\u00f3wka na zako\u0144czeniu r\u0119kaw\u00f3w | Kryty szew przy st\u00f3jce | Wszywane r\u0119kawy | Podw\u00f3jne szwy | Dopasowany kr\u00f3j<\/p>\n","protected":false},"featured_media":1164528,"template":"","meta":[],"product_cat":[99842,100450],"product_tag":[],"_links":{"self":[{"href":"https:\/\/universeproduction.com\/pl\/wp-json\/wp\/v2\/product\/1223820"}],"collection":[{"href":"https:\/\/universeproduction.com\/pl\/wp-json\/wp\/v2\/product"}],"about":[{"href":"https:\/\/universeproduction.com\/pl\/wp-json\/wp\/v2\/types\/product"}],"wp:featuredmedia":[{"embeddable":true,"href":"https:\/\/universeproduction.com\/pl\/wp-json\/wp\/v2\/media\/1164528"}],"wp:attachment":[{"href":"https:\/\/universeproduction.com\/pl\/wp-json\/wp\/v2\/media?parent=1223820"}],"wp:term":[{"taxonomy":"product_cat","embeddable":true,"href":"https:\/\/universeproduction.com\/pl\/wp-json\/wp\/v2\/product_cat?post=1223820"},{"taxonomy":"product_tag","embeddable":true,"href":"https:\/\/universeproduction.com\/pl\/wp-json\/wp\/v2\/product_tag?post=1223820"}],"curies":[{"name":"wp","href":"https:\/\/api.w.org\/{rel}","templated":true}]}}