{"id":1223688,"date":"2022-10-18T08:24:59","date_gmt":"2022-10-18T08:24:59","guid":{"rendered":"https:\/\/universeproduction.eu\/product\/bag-for-life-long-handles\/"},"modified":"2023-01-02T05:52:19","modified_gmt":"2023-01-02T05:52:19","slug":"bag-for-life-long-handles","status":"publish","type":"product","link":"https:\/\/universeproduction.com\/pl\/produkt\/bag-for-life-long-handles\/","title":{"rendered":"Bag For Life &#8211; Long Handles"},"content":{"rendered":"<p>Pojemno\u015b\u0107: 10 litr\u00f3w | Waga artyku\u0142u: ok. 65 g | D\u0142ugo\u015b\u0107 uchwytu: ok. 67 cm | Mo\u017ce by\u0107 noszona w r\u0119ce lub na ramieniu | Dostawa bez zawarto\u015bci\/dekoracji<\/p>\n","protected":false},"excerpt":{"rendered":"<p>Pojemno\u015b\u0107: 10 litr\u00f3w | Waga artyku\u0142u: ok. 65 g | D\u0142ugo\u015b\u0107 uchwytu: ok. 67 cm | Mo\u017ce by\u0107 noszona w r\u0119ce lub na ramieniu | Dostawa bez zawarto\u015bci\/dekoracji<\/p>\n","protected":false},"featured_media":1167670,"template":"","meta":[],"product_cat":[100432,100433],"product_tag":[],"_links":{"self":[{"href":"https:\/\/universeproduction.com\/pl\/wp-json\/wp\/v2\/product\/1223688"}],"collection":[{"href":"https:\/\/universeproduction.com\/pl\/wp-json\/wp\/v2\/product"}],"about":[{"href":"https:\/\/universeproduction.com\/pl\/wp-json\/wp\/v2\/types\/product"}],"wp:featuredmedia":[{"embeddable":true,"href":"https:\/\/universeproduction.com\/pl\/wp-json\/wp\/v2\/media\/1167670"}],"wp:attachment":[{"href":"https:\/\/universeproduction.com\/pl\/wp-json\/wp\/v2\/media?parent=1223688"}],"wp:term":[{"taxonomy":"product_cat","embeddable":true,"href":"https:\/\/universeproduction.com\/pl\/wp-json\/wp\/v2\/product_cat?post=1223688"},{"taxonomy":"product_tag","embeddable":true,"href":"https:\/\/universeproduction.com\/pl\/wp-json\/wp\/v2\/product_tag?post=1223688"}],"curies":[{"name":"wp","href":"https:\/\/api.w.org\/{rel}","templated":true}]}}