{"id":1223662,"date":"2022-10-18T08:24:58","date_gmt":"2022-10-18T08:24:58","guid":{"rendered":"https:\/\/universeproduction.eu\/product\/premium-cotton-maxi-bag\/"},"modified":"2022-10-18T08:24:58","modified_gmt":"2022-10-18T08:24:58","slug":"premium-cotton-maxi-bag","status":"publish","type":"product","link":"https:\/\/universeproduction.com\/pl\/produkt\/premium-cotton-maxi-bag\/","title":{"rendered":"Premium Cotton Maxi Bag"},"content":{"rendered":"<p>Wysokiej jako\u015bci bawe\u0142na | Powierzchnia odpowiednia do znakowania | Du\u017ca pojemno\u015b\u0107 | Mo\u017ce by\u0107 noszona w r\u0119ce lub na ramieniu | D\u0142ugo\u015b\u0107 uchwytu: 58 cm | Pojemno\u015b\u0107: ok. 18 l | Dostawa bez zawarto\u015bci\/dekoracji<\/p>\n","protected":false},"excerpt":{"rendered":"<p>Wysokiej jako\u015bci bawe\u0142na | Powierzchnia odpowiednia do znakowania | Du\u017ca pojemno\u015b\u0107 | Mo\u017ce by\u0107 noszona w r\u0119ce lub na ramieniu | D\u0142ugo\u015b\u0107 uchwytu: 58 cm | Pojemno\u015b\u0107: ok. 18 l | Dostawa bez zawarto\u015bci\/dekoracji<\/p>\n","protected":false},"featured_media":1167847,"template":"","meta":[],"product_cat":[100432,100433],"product_tag":[],"_links":{"self":[{"href":"https:\/\/universeproduction.com\/pl\/wp-json\/wp\/v2\/product\/1223662"}],"collection":[{"href":"https:\/\/universeproduction.com\/pl\/wp-json\/wp\/v2\/product"}],"about":[{"href":"https:\/\/universeproduction.com\/pl\/wp-json\/wp\/v2\/types\/product"}],"wp:featuredmedia":[{"embeddable":true,"href":"https:\/\/universeproduction.com\/pl\/wp-json\/wp\/v2\/media\/1167847"}],"wp:attachment":[{"href":"https:\/\/universeproduction.com\/pl\/wp-json\/wp\/v2\/media?parent=1223662"}],"wp:term":[{"taxonomy":"product_cat","embeddable":true,"href":"https:\/\/universeproduction.com\/pl\/wp-json\/wp\/v2\/product_cat?post=1223662"},{"taxonomy":"product_tag","embeddable":true,"href":"https:\/\/universeproduction.com\/pl\/wp-json\/wp\/v2\/product_tag?post=1223662"}],"curies":[{"name":"wp","href":"https:\/\/api.w.org\/{rel}","templated":true}]}}