{"id":1223408,"date":"2022-10-18T07:55:55","date_gmt":"2022-10-18T07:55:55","guid":{"rendered":"https:\/\/universeproduction.eu\/product\/kids-classic-hooded-sweat\/"},"modified":"2022-10-18T07:55:55","modified_gmt":"2022-10-18T07:55:55","slug":"kids-classic-hooded-sweat","status":"publish","type":"product","link":"https:\/\/universeproduction.com\/pl\/produkt\/kids-classic-hooded-sweat\/","title":{"rendered":"Kids\u00b4 Classic Hooded Sweat"},"content":{"rendered":"<p>Dwuwarstwowy kaptur bez troczk\u00f3w, zgodnie z europejskimi normami odzie\u017cy dzieci\u0119cej | Kiesze\u0144 kangurka z przodu | Mankiety pr\u0105\u017ckowane z bawe\u0142ny\/Lycry\u00ae<\/p>\n","protected":false},"excerpt":{"rendered":"<p>Dwuwarstwowy kaptur bez troczk\u00f3w, zgodnie z europejskimi normami odzie\u017cy dzieci\u0119cej | Kiesze\u0144 kangurka z przodu | Mankiety pr\u0105\u017ckowane z bawe\u0142ny\/Lycry\u00ae<\/p>\n","protected":false},"featured_media":1224563,"template":"","meta":[],"product_cat":[100435,99845],"product_tag":[],"_links":{"self":[{"href":"https:\/\/universeproduction.com\/pl\/wp-json\/wp\/v2\/product\/1223408"}],"collection":[{"href":"https:\/\/universeproduction.com\/pl\/wp-json\/wp\/v2\/product"}],"about":[{"href":"https:\/\/universeproduction.com\/pl\/wp-json\/wp\/v2\/types\/product"}],"wp:featuredmedia":[{"embeddable":true,"href":"https:\/\/universeproduction.com\/pl\/wp-json\/wp\/v2\/media\/1224563"}],"wp:attachment":[{"href":"https:\/\/universeproduction.com\/pl\/wp-json\/wp\/v2\/media?parent=1223408"}],"wp:term":[{"taxonomy":"product_cat","embeddable":true,"href":"https:\/\/universeproduction.com\/pl\/wp-json\/wp\/v2\/product_cat?post=1223408"},{"taxonomy":"product_tag","embeddable":true,"href":"https:\/\/universeproduction.com\/pl\/wp-json\/wp\/v2\/product_tag?post=1223408"}],"curies":[{"name":"wp","href":"https:\/\/api.w.org\/{rel}","templated":true}]}}