{"id":1223273,"date":"2022-10-18T07:55:47","date_gmt":"2022-10-18T07:55:47","guid":{"rendered":"https:\/\/universeproduction.eu\/product\/kids-premium-set-in-sweat\/"},"modified":"2022-10-18T07:55:47","modified_gmt":"2022-10-18T07:55:47","slug":"kids-premium-set-in-sweat","status":"publish","type":"product","link":"https:\/\/universeproduction.com\/pl\/produkt\/kids-premium-set-in-sweat\/","title":{"rendered":"Kids\u00b4 Premium Set-In Sweat"},"content":{"rendered":"<p>Ta\u015bma wzmacniaj\u0105ca na karku single jersey | Pr\u0105\u017ckowane mankiety z bawe\u0142ny\/elastanu<\/p>\n","protected":false},"excerpt":{"rendered":"<p>Ta\u015bma wzmacniaj\u0105ca na karku single jersey | Pr\u0105\u017ckowane mankiety z bawe\u0142ny\/elastanu<\/p>\n","protected":false},"featured_media":1224566,"template":"","meta":[],"product_cat":[100435,99845],"product_tag":[],"_links":{"self":[{"href":"https:\/\/universeproduction.com\/pl\/wp-json\/wp\/v2\/product\/1223273"}],"collection":[{"href":"https:\/\/universeproduction.com\/pl\/wp-json\/wp\/v2\/product"}],"about":[{"href":"https:\/\/universeproduction.com\/pl\/wp-json\/wp\/v2\/types\/product"}],"wp:featuredmedia":[{"embeddable":true,"href":"https:\/\/universeproduction.com\/pl\/wp-json\/wp\/v2\/media\/1224566"}],"wp:attachment":[{"href":"https:\/\/universeproduction.com\/pl\/wp-json\/wp\/v2\/media?parent=1223273"}],"wp:term":[{"taxonomy":"product_cat","embeddable":true,"href":"https:\/\/universeproduction.com\/pl\/wp-json\/wp\/v2\/product_cat?post=1223273"},{"taxonomy":"product_tag","embeddable":true,"href":"https:\/\/universeproduction.com\/pl\/wp-json\/wp\/v2\/product_tag?post=1223273"}],"curies":[{"name":"wp","href":"https:\/\/api.w.org\/{rel}","templated":true}]}}