{"id":1223149,"date":"2022-10-18T07:55:41","date_gmt":"2022-10-18T07:55:41","guid":{"rendered":"https:\/\/universeproduction.eu\/product\/kids-authentic-zipped-hooded-sweat\/"},"modified":"2022-10-18T07:55:41","modified_gmt":"2022-10-18T07:55:41","slug":"kids-authentic-zipped-hooded-sweat","status":"publish","type":"product","link":"https:\/\/universeproduction.com\/pl\/produkt\/kids-authentic-zipped-hooded-sweat\/","title":{"rendered":"Kids\u00b4 Authentic Zipped Hooded Sweat"},"content":{"rendered":"<p>Prosty kr\u00f3j | Materia\u0142 zewn\u0119trzny 100% bawe\u0142na | Ta\u015bma wzmacniaj\u0105ca na karku w jode\u0142k\u0119 | Szwy boczne | D\u00f3\u0142 i mankiety z szerszym ci\u0119ciem z elastanem | Kryty szew na ramionach, mankietach i u do\u0142u | Bez troczk\u00f3w | Dwuwarstwowy kaptur | Pr\u0105\u017ckowane \u015bci\u0105gacze z elastanem na r\u0119kawach i u do\u0142u | Boczne wpuszczane kieszenie | Kryty, metalowy zamek YKK (Antique Silver) | Du\u017ca powierzchnia do zdobienia | G\u00f3rny szew dekoracyjny i wi\u0119ksza trwa\u0142o\u015b\u0107<\/p>\n","protected":false},"excerpt":{"rendered":"<p>Prosty kr\u00f3j | Materia\u0142 zewn\u0119trzny 100% bawe\u0142na | Ta\u015bma wzmacniaj\u0105ca na karku w jode\u0142k\u0119 | Szwy boczne | D\u00f3\u0142 i mankiety z szerszym ci\u0119ciem z elastanem | Kryty szew na ramionach, mankietach i u do\u0142u | Bez troczk\u00f3w | Dwuwarstwowy kaptur | Pr\u0105\u017ckowane \u015bci\u0105gacze z elastanem na r\u0119kawach i u do\u0142u | Boczne wpuszczane kieszenie [&hellip;]<\/p>\n","protected":false},"featured_media":1167185,"template":"","meta":[],"product_cat":[100435,99845],"product_tag":[],"_links":{"self":[{"href":"https:\/\/universeproduction.com\/pl\/wp-json\/wp\/v2\/product\/1223149"}],"collection":[{"href":"https:\/\/universeproduction.com\/pl\/wp-json\/wp\/v2\/product"}],"about":[{"href":"https:\/\/universeproduction.com\/pl\/wp-json\/wp\/v2\/types\/product"}],"wp:featuredmedia":[{"embeddable":true,"href":"https:\/\/universeproduction.com\/pl\/wp-json\/wp\/v2\/media\/1167185"}],"wp:attachment":[{"href":"https:\/\/universeproduction.com\/pl\/wp-json\/wp\/v2\/media?parent=1223149"}],"wp:term":[{"taxonomy":"product_cat","embeddable":true,"href":"https:\/\/universeproduction.com\/pl\/wp-json\/wp\/v2\/product_cat?post=1223149"},{"taxonomy":"product_tag","embeddable":true,"href":"https:\/\/universeproduction.com\/pl\/wp-json\/wp\/v2\/product_tag?post=1223149"}],"curies":[{"name":"wp","href":"https:\/\/api.w.org\/{rel}","templated":true}]}}