{"id":1222934,"date":"2022-10-18T07:55:35","date_gmt":"2022-10-18T07:55:35","guid":{"rendered":"https:\/\/universeproduction.eu\/product\/kids-hooded-sweat\/"},"modified":"2022-10-18T07:55:35","modified_gmt":"2022-10-18T07:55:35","slug":"kids-hooded-sweat","status":"publish","type":"product","link":"https:\/\/universeproduction.com\/pl\/produkt\/kids-hooded-sweat\/","title":{"rendered":"Kids\u00b4 Hooded Sweat"},"content":{"rendered":"<p>80% czesana bawe\u0142na ring-spun \/ 20% poliester | Wysokiej jako\u015bci tkanina wykonana w Technologii Perfect Sweat | Kaptur z podszewk\u0105 bez troczk\u00f3w | D\u00f3\u0142 bluzy i \u015bci\u0105gacze r\u0119kaw\u00f3w z dzianiny pr\u0105\u017ckowanej 1&#215;1 | Naszywana kiesze\u0144 typu kangurek wzmocniona szwem dodatkowym | Szwy p\u0142askie na ramionach i przy linii pach | Szwy boczne | B&#038;C Collection jest cz\u0142onkiem Fair Wear Foundation<\/p>\n","protected":false},"excerpt":{"rendered":"<p>80% czesana bawe\u0142na ring-spun \/ 20% poliester | Wysokiej jako\u015bci tkanina wykonana w Technologii Perfect Sweat | Kaptur z podszewk\u0105 bez troczk\u00f3w | D\u00f3\u0142 bluzy i \u015bci\u0105gacze r\u0119kaw\u00f3w z dzianiny pr\u0105\u017ckowanej 1&#215;1 | Naszywana kiesze\u0144 typu kangurek wzmocniona szwem dodatkowym | Szwy p\u0142askie na ramionach i przy linii pach | Szwy boczne | B&#038;C Collection [&hellip;]<\/p>\n","protected":false},"featured_media":775671,"template":"","meta":[],"product_cat":[100435,99845],"product_tag":[],"_links":{"self":[{"href":"https:\/\/universeproduction.com\/pl\/wp-json\/wp\/v2\/product\/1222934"}],"collection":[{"href":"https:\/\/universeproduction.com\/pl\/wp-json\/wp\/v2\/product"}],"about":[{"href":"https:\/\/universeproduction.com\/pl\/wp-json\/wp\/v2\/types\/product"}],"wp:featuredmedia":[{"embeddable":true,"href":"https:\/\/universeproduction.com\/pl\/wp-json\/wp\/v2\/media\/775671"}],"wp:attachment":[{"href":"https:\/\/universeproduction.com\/pl\/wp-json\/wp\/v2\/media?parent=1222934"}],"wp:term":[{"taxonomy":"product_cat","embeddable":true,"href":"https:\/\/universeproduction.com\/pl\/wp-json\/wp\/v2\/product_cat?post=1222934"},{"taxonomy":"product_tag","embeddable":true,"href":"https:\/\/universeproduction.com\/pl\/wp-json\/wp\/v2\/product_tag?post=1222934"}],"curies":[{"name":"wp","href":"https:\/\/api.w.org\/{rel}","templated":true}]}}