{"id":1222873,"date":"2022-10-18T07:28:08","date_gmt":"2022-10-18T07:28:08","guid":{"rendered":"https:\/\/universeproduction.eu\/product\/baby-bodysuit\/"},"modified":"2022-10-18T07:28:08","modified_gmt":"2022-10-18T07:28:08","slug":"baby-bodysuit","status":"publish","type":"product","link":"https:\/\/universeproduction.com\/pl\/produkt\/baby-bodysuit\/","title":{"rendered":"Baby Bodysuit"},"content":{"rendered":"<p>Bawe\u0142na czesana ring spun, organiczna lub w konwersji na organiczn\u0105 | Interlock | Kopertowe wyko\u0144czenie dekoltu | W\u0105ska lam\u00f3wka wyka\u0144czaj\u0105ca dekolt i r\u0119kawy | Zapi\u0119cie w kroku na bezniklowe zatrzaski<\/p>\n","protected":false},"excerpt":{"rendered":"<p>Bawe\u0142na czesana ring spun, organiczna lub w konwersji na organiczn\u0105 | Interlock | Kopertowe wyko\u0144czenie dekoltu | W\u0105ska lam\u00f3wka wyka\u0144czaj\u0105ca dekolt i r\u0119kawy | Zapi\u0119cie w kroku na bezniklowe zatrzaski<\/p>\n","protected":false},"featured_media":1224569,"template":"","meta":[],"product_cat":[100434,99845],"product_tag":[],"_links":{"self":[{"href":"https:\/\/universeproduction.com\/pl\/wp-json\/wp\/v2\/product\/1222873"}],"collection":[{"href":"https:\/\/universeproduction.com\/pl\/wp-json\/wp\/v2\/product"}],"about":[{"href":"https:\/\/universeproduction.com\/pl\/wp-json\/wp\/v2\/types\/product"}],"wp:featuredmedia":[{"embeddable":true,"href":"https:\/\/universeproduction.com\/pl\/wp-json\/wp\/v2\/media\/1224569"}],"wp:attachment":[{"href":"https:\/\/universeproduction.com\/pl\/wp-json\/wp\/v2\/media?parent=1222873"}],"wp:term":[{"taxonomy":"product_cat","embeddable":true,"href":"https:\/\/universeproduction.com\/pl\/wp-json\/wp\/v2\/product_cat?post=1222873"},{"taxonomy":"product_tag","embeddable":true,"href":"https:\/\/universeproduction.com\/pl\/wp-json\/wp\/v2\/product_tag?post=1222873"}],"curies":[{"name":"wp","href":"https:\/\/api.w.org\/{rel}","templated":true}]}}