{"id":1222571,"date":"2022-10-18T07:27:20","date_gmt":"2022-10-18T07:27:20","guid":{"rendered":"https:\/\/universeproduction.eu\/product\/babies-bodysuit-bambino\/"},"modified":"2022-10-18T07:27:20","modified_gmt":"2022-10-18T07:27:20","slug":"babies-bodysuit-bambino","status":"publish","type":"product","link":"https:\/\/universeproduction.com\/pl\/produkt\/babies-bodysuit-bambino\/","title":{"rendered":"Babies Bodysuit Bambino"},"content":{"rendered":"<p>Lam\u00f3wki na dekolcie, \u015bci\u0105gaczach r\u0119kaw\u00f3w i nogawek | 100% bawe\u0142na czesana ring spun | Kr\u00f3tkie r\u0119kawki typu cap | W kroku zapi\u0119cie na zatrzaski<\/p>\n","protected":false},"excerpt":{"rendered":"<p>Lam\u00f3wki na dekolcie, \u015bci\u0105gaczach r\u0119kaw\u00f3w i nogawek | 100% bawe\u0142na czesana ring spun | Kr\u00f3tkie r\u0119kawki typu cap | W kroku zapi\u0119cie na zatrzaski<\/p>\n","protected":false},"featured_media":958212,"template":"","meta":[],"product_cat":[100434,99845],"product_tag":[],"_links":{"self":[{"href":"https:\/\/universeproduction.com\/pl\/wp-json\/wp\/v2\/product\/1222571"}],"collection":[{"href":"https:\/\/universeproduction.com\/pl\/wp-json\/wp\/v2\/product"}],"about":[{"href":"https:\/\/universeproduction.com\/pl\/wp-json\/wp\/v2\/types\/product"}],"wp:featuredmedia":[{"embeddable":true,"href":"https:\/\/universeproduction.com\/pl\/wp-json\/wp\/v2\/media\/958212"}],"wp:attachment":[{"href":"https:\/\/universeproduction.com\/pl\/wp-json\/wp\/v2\/media?parent=1222571"}],"wp:term":[{"taxonomy":"product_cat","embeddable":true,"href":"https:\/\/universeproduction.com\/pl\/wp-json\/wp\/v2\/product_cat?post=1222571"},{"taxonomy":"product_tag","embeddable":true,"href":"https:\/\/universeproduction.com\/pl\/wp-json\/wp\/v2\/product_tag?post=1222571"}],"curies":[{"name":"wp","href":"https:\/\/api.w.org\/{rel}","templated":true}]}}