{"id":1222396,"date":"2022-10-18T07:10:47","date_gmt":"2022-10-18T07:10:47","guid":{"rendered":"https:\/\/universeproduction.eu\/product\/kids-t-shirt-exact-150\/"},"modified":"2022-10-18T07:10:47","modified_gmt":"2022-10-18T07:10:47","slug":"kids-t-shirt-exact-150","status":"publish","type":"product","link":"https:\/\/universeproduction.com\/pl\/produkt\/kids-t-shirt-exact-150\/","title":{"rendered":"Kids\u00b4 T-Shirt Exact 150"},"content":{"rendered":"<p>100% bawe\u0142na dekatyzowana ring-spun | P\u00f3\u0142okr\u0105g\u0142y, 2-warstwowy dekolt | Dekolt wyko\u0144czony dzianin\u0105 pr\u0105\u017ckowan\u0105 1&#215;1 z domieszk\u0105 elastanu | Ta\u015bma wzmacniaj\u0105ca na karku | Podw\u00f3jne szwy na mankietach r\u0119kaw\u00f3w i u do\u0142u koszulki | Brak szw\u00f3w bocznych | B&#038;C Collection jest cz\u0142onkiem Fair Wear Foundation<\/p>\n","protected":false},"excerpt":{"rendered":"<p>100% bawe\u0142na dekatyzowana ring-spun | P\u00f3\u0142okr\u0105g\u0142y, 2-warstwowy dekolt | Dekolt wyko\u0144czony dzianin\u0105 pr\u0105\u017ckowan\u0105 1&#215;1 z domieszk\u0105 elastanu | Ta\u015bma wzmacniaj\u0105ca na karku | Podw\u00f3jne szwy na mankietach r\u0119kaw\u00f3w i u do\u0142u koszulki | Brak szw\u00f3w bocznych | B&#038;C Collection jest cz\u0142onkiem Fair Wear Foundation<\/p>\n","protected":false},"featured_media":771305,"template":"","meta":[],"product_cat":[99845,100436],"product_tag":[],"_links":{"self":[{"href":"https:\/\/universeproduction.com\/pl\/wp-json\/wp\/v2\/product\/1222396"}],"collection":[{"href":"https:\/\/universeproduction.com\/pl\/wp-json\/wp\/v2\/product"}],"about":[{"href":"https:\/\/universeproduction.com\/pl\/wp-json\/wp\/v2\/types\/product"}],"wp:featuredmedia":[{"embeddable":true,"href":"https:\/\/universeproduction.com\/pl\/wp-json\/wp\/v2\/media\/771305"}],"wp:attachment":[{"href":"https:\/\/universeproduction.com\/pl\/wp-json\/wp\/v2\/media?parent=1222396"}],"wp:term":[{"taxonomy":"product_cat","embeddable":true,"href":"https:\/\/universeproduction.com\/pl\/wp-json\/wp\/v2\/product_cat?post=1222396"},{"taxonomy":"product_tag","embeddable":true,"href":"https:\/\/universeproduction.com\/pl\/wp-json\/wp\/v2\/product_tag?post=1222396"}],"curies":[{"name":"wp","href":"https:\/\/api.w.org\/{rel}","templated":true}]}}