{"id":1222242,"date":"2022-10-18T07:00:55","date_gmt":"2022-10-18T07:00:55","guid":{"rendered":"https:\/\/universeproduction.eu\/product\/softstyle-youth-t-shirt\/"},"modified":"2022-10-18T07:00:55","modified_gmt":"2022-10-18T07:00:55","slug":"softstyle-youth-t-shirt","status":"publish","type":"product","link":"https:\/\/universeproduction.com\/pl\/produkt\/softstyle-youth-t-shirt\/","title":{"rendered":"Softstyle\u00ae Youth T-Shirt"},"content":{"rendered":"<p>Bawe\u0142na ring-spun | Mi\u0119kka tkanina typu ring-spun | G\u0142adka powierzchnia materia\u0142u poch\u0142aniaj\u0105cego wilgo\u0107 | Pr\u0105\u017ckowany ko\u0142nierz 1.9cm | Ta\u015bma wzmacniaj\u0105ca wzd\u0142u\u017c ramion | Podw\u00f3jny szew na r\u0119kawach i u do\u0142u koszulki | Klasyczny fason | Szwy boczne w rozmiarach: XS i S | Brak szw\u00f3w bocznych w rozmiarach: M, L i XL | Odrywana metka w kolorze szarym z po\u0142yskiem<\/p>\n","protected":false},"excerpt":{"rendered":"<p>Bawe\u0142na ring-spun | Mi\u0119kka tkanina typu ring-spun | G\u0142adka powierzchnia materia\u0142u poch\u0142aniaj\u0105cego wilgo\u0107 | Pr\u0105\u017ckowany ko\u0142nierz 1.9cm | Ta\u015bma wzmacniaj\u0105ca wzd\u0142u\u017c ramion | Podw\u00f3jny szew na r\u0119kawach i u do\u0142u koszulki | Klasyczny fason | Szwy boczne w rozmiarach: XS i S | Brak szw\u00f3w bocznych w rozmiarach: M, L i XL | Odrywana metka [&hellip;]<\/p>\n","protected":false},"featured_media":1224575,"template":"","meta":[],"product_cat":[99845,100436],"product_tag":[],"_links":{"self":[{"href":"https:\/\/universeproduction.com\/pl\/wp-json\/wp\/v2\/product\/1222242"}],"collection":[{"href":"https:\/\/universeproduction.com\/pl\/wp-json\/wp\/v2\/product"}],"about":[{"href":"https:\/\/universeproduction.com\/pl\/wp-json\/wp\/v2\/types\/product"}],"wp:featuredmedia":[{"embeddable":true,"href":"https:\/\/universeproduction.com\/pl\/wp-json\/wp\/v2\/media\/1224575"}],"wp:attachment":[{"href":"https:\/\/universeproduction.com\/pl\/wp-json\/wp\/v2\/media?parent=1222242"}],"wp:term":[{"taxonomy":"product_cat","embeddable":true,"href":"https:\/\/universeproduction.com\/pl\/wp-json\/wp\/v2\/product_cat?post=1222242"},{"taxonomy":"product_tag","embeddable":true,"href":"https:\/\/universeproduction.com\/pl\/wp-json\/wp\/v2\/product_tag?post=1222242"}],"curies":[{"name":"wp","href":"https:\/\/api.w.org\/{rel}","templated":true}]}}