{"id":1222088,"date":"2022-10-18T06:57:07","date_gmt":"2022-10-18T06:57:07","guid":{"rendered":"https:\/\/universeproduction.eu\/product\/kids-imperial-t-shirt\/"},"modified":"2022-10-18T06:57:07","modified_gmt":"2022-10-18T06:57:07","slug":"kids-imperial-t-shirt","status":"publish","type":"product","link":"https:\/\/universeproduction.com\/pl\/produkt\/kids-imperial-t-shirt\/","title":{"rendered":"Kids\u00b4 Imperial T-Shirt"},"content":{"rendered":"<p>P\u00f3\u0142 szczotkowana bawe\u0142na ring-spun | Ta\u015bma wzmacniaj\u0105ca na karku | Pr\u0105\u017ckowany dekolt z elastanem | Rozmiary 86-94 i 96-104 z bocznymi szwami, pozosta\u0142e bez szw\u00f3w bocznych<\/p>\n","protected":false},"excerpt":{"rendered":"<p>P\u00f3\u0142 szczotkowana bawe\u0142na ring-spun | Ta\u015bma wzmacniaj\u0105ca na karku | Pr\u0105\u017ckowany dekolt z elastanem | Rozmiary 86-94 i 96-104 z bocznymi szwami, pozosta\u0142e bez szw\u00f3w bocznych<\/p>\n","protected":false},"featured_media":1224578,"template":"","meta":[],"product_cat":[99845,100436],"product_tag":[],"_links":{"self":[{"href":"https:\/\/universeproduction.com\/pl\/wp-json\/wp\/v2\/product\/1222088"}],"collection":[{"href":"https:\/\/universeproduction.com\/pl\/wp-json\/wp\/v2\/product"}],"about":[{"href":"https:\/\/universeproduction.com\/pl\/wp-json\/wp\/v2\/types\/product"}],"wp:featuredmedia":[{"embeddable":true,"href":"https:\/\/universeproduction.com\/pl\/wp-json\/wp\/v2\/media\/1224578"}],"wp:attachment":[{"href":"https:\/\/universeproduction.com\/pl\/wp-json\/wp\/v2\/media?parent=1222088"}],"wp:term":[{"taxonomy":"product_cat","embeddable":true,"href":"https:\/\/universeproduction.com\/pl\/wp-json\/wp\/v2\/product_cat?post=1222088"},{"taxonomy":"product_tag","embeddable":true,"href":"https:\/\/universeproduction.com\/pl\/wp-json\/wp\/v2\/product_tag?post=1222088"}],"curies":[{"name":"wp","href":"https:\/\/api.w.org\/{rel}","templated":true}]}}