{"id":1221790,"date":"2022-10-18T06:48:03","date_gmt":"2022-10-18T06:48:03","guid":{"rendered":"https:\/\/universeproduction.eu\/product\/girls-valueweight-t\/"},"modified":"2022-10-18T06:48:03","modified_gmt":"2022-10-18T06:48:03","slug":"girls-valueweight-t","status":"publish","type":"product","link":"https:\/\/universeproduction.com\/pl\/produkt\/girls-valueweight-t\/","title":{"rendered":"Girls Valueweight T"},"content":{"rendered":"<p>Bawe\u0142niane, pr\u0105\u017ckowane wyko\u0144czenie dekoltu z dodatkiem Lycra\u00ae | Ta\u015bma z tego samego materia\u0142u na karku | Lekko dopasowana | Tkanina o drobnym splocie | ValueweightTs<\/p>\n","protected":false},"excerpt":{"rendered":"<p>Bawe\u0142niane, pr\u0105\u017ckowane wyko\u0144czenie dekoltu z dodatkiem Lycra\u00ae | Ta\u015bma z tego samego materia\u0142u na karku | Lekko dopasowana | Tkanina o drobnym splocie | ValueweightTs<\/p>\n","protected":false},"featured_media":1224581,"template":"","meta":[],"product_cat":[99845,100436],"product_tag":[],"_links":{"self":[{"href":"https:\/\/universeproduction.com\/pl\/wp-json\/wp\/v2\/product\/1221790"}],"collection":[{"href":"https:\/\/universeproduction.com\/pl\/wp-json\/wp\/v2\/product"}],"about":[{"href":"https:\/\/universeproduction.com\/pl\/wp-json\/wp\/v2\/types\/product"}],"wp:featuredmedia":[{"embeddable":true,"href":"https:\/\/universeproduction.com\/pl\/wp-json\/wp\/v2\/media\/1224581"}],"wp:attachment":[{"href":"https:\/\/universeproduction.com\/pl\/wp-json\/wp\/v2\/media?parent=1221790"}],"wp:term":[{"taxonomy":"product_cat","embeddable":true,"href":"https:\/\/universeproduction.com\/pl\/wp-json\/wp\/v2\/product_cat?post=1221790"},{"taxonomy":"product_tag","embeddable":true,"href":"https:\/\/universeproduction.com\/pl\/wp-json\/wp\/v2\/product_tag?post=1221790"}],"curies":[{"name":"wp","href":"https:\/\/api.w.org\/{rel}","templated":true}]}}