{"id":1220492,"date":"2022-10-18T05:35:00","date_gmt":"2022-10-18T05:35:00","guid":{"rendered":"https:\/\/universeproduction.eu\/product\/womens-oslo-bodywarmer\/"},"modified":"2022-10-18T05:35:00","modified_gmt":"2022-10-18T05:35:00","slug":"womens-oslo-bodywarmer","status":"publish","type":"product","link":"https:\/\/universeproduction.com\/pl\/produkt\/womens-oslo-bodywarmer\/","title":{"rendered":"Women\u00b4s Oslo Bodywarmer"},"content":{"rendered":"<p>Materia\u0142 zewn\u0119trzny: 100% poliester, 300 tafta; podszewka: 100% poliester, 290 tafta; watowanie: 100% poliester, 150 g\/m\u00b2 | Pikowana kamizelka z lekkim ociepleniem | Kryty zamek b\u0142yskawiczny w tym samym kolorze | 2 kieszenie boczne zamykane na zamek b\u0142yskawiczny | Podszewka w kontrastowym kolorze | Elastyczna lam\u00f3wka u do\u0142u | Woreczek do pakowania kurtki | Taliowana | Produkt wiatroszczelny. Wodoodporna<\/p>\n","protected":false},"excerpt":{"rendered":"<p>Materia\u0142 zewn\u0119trzny: 100% poliester, 300 tafta; podszewka: 100% poliester, 290 tafta; watowanie: 100% poliester, 150 g\/m\u00b2 | Pikowana kamizelka z lekkim ociepleniem | Kryty zamek b\u0142yskawiczny w tym samym kolorze | 2 kieszenie boczne zamykane na zamek b\u0142yskawiczny | Podszewka w kontrastowym kolorze | Elastyczna lam\u00f3wka u do\u0142u | Woreczek do pakowania kurtki | Taliowana [&hellip;]<\/p>\n","protected":false},"featured_media":1165411,"template":"","meta":[],"product_cat":[99842,100462],"product_tag":[],"_links":{"self":[{"href":"https:\/\/universeproduction.com\/pl\/wp-json\/wp\/v2\/product\/1220492"}],"collection":[{"href":"https:\/\/universeproduction.com\/pl\/wp-json\/wp\/v2\/product"}],"about":[{"href":"https:\/\/universeproduction.com\/pl\/wp-json\/wp\/v2\/types\/product"}],"wp:featuredmedia":[{"embeddable":true,"href":"https:\/\/universeproduction.com\/pl\/wp-json\/wp\/v2\/media\/1165411"}],"wp:attachment":[{"href":"https:\/\/universeproduction.com\/pl\/wp-json\/wp\/v2\/media?parent=1220492"}],"wp:term":[{"taxonomy":"product_cat","embeddable":true,"href":"https:\/\/universeproduction.com\/pl\/wp-json\/wp\/v2\/product_cat?post=1220492"},{"taxonomy":"product_tag","embeddable":true,"href":"https:\/\/universeproduction.com\/pl\/wp-json\/wp\/v2\/product_tag?post=1220492"}],"curies":[{"name":"wp","href":"https:\/\/api.w.org\/{rel}","templated":true}]}}