{"id":1220449,"date":"2022-10-18T05:34:59","date_gmt":"2022-10-18T05:34:59","guid":{"rendered":"https:\/\/universeproduction.eu\/product\/womens-crossover-bodywarmer\/"},"modified":"2022-10-18T05:34:59","modified_gmt":"2022-10-18T05:34:59","slug":"womens-crossover-bodywarmer","status":"publish","type":"product","link":"https:\/\/universeproduction.com\/pl\/produkt\/womens-crossover-bodywarmer\/","title":{"rendered":"Women\u00b4s Crossover Bodywarmer"},"content":{"rendered":"<p>Poliester 300T z poliestrow\u0105 podszewk\u0105 softshell | Produkt wiatroodporny i wodoodporny | Dopasowany kr\u00f3j | 2 du\u017ce kieszenie z przodu | Kiesze\u0144 wewn\u0119trzna | Elastyczne \u015bci\u0105gacze | Wysokiej jako\u015bci odwr\u00f3cone zamki b\u0142yskawiczne | Dost\u0119p do znakowania<\/p>\n","protected":false},"excerpt":{"rendered":"<p>Poliester 300T z poliestrow\u0105 podszewk\u0105 softshell | Produkt wiatroodporny i wodoodporny | Dopasowany kr\u00f3j | 2 du\u017ce kieszenie z przodu | Kiesze\u0144 wewn\u0119trzna | Elastyczne \u015bci\u0105gacze | Wysokiej jako\u015bci odwr\u00f3cone zamki b\u0142yskawiczne | Dost\u0119p do znakowania<\/p>\n","protected":false},"featured_media":1165393,"template":"","meta":[],"product_cat":[99842,100462],"product_tag":[],"_links":{"self":[{"href":"https:\/\/universeproduction.com\/pl\/wp-json\/wp\/v2\/product\/1220449"}],"collection":[{"href":"https:\/\/universeproduction.com\/pl\/wp-json\/wp\/v2\/product"}],"about":[{"href":"https:\/\/universeproduction.com\/pl\/wp-json\/wp\/v2\/types\/product"}],"wp:featuredmedia":[{"embeddable":true,"href":"https:\/\/universeproduction.com\/pl\/wp-json\/wp\/v2\/media\/1165393"}],"wp:attachment":[{"href":"https:\/\/universeproduction.com\/pl\/wp-json\/wp\/v2\/media?parent=1220449"}],"wp:term":[{"taxonomy":"product_cat","embeddable":true,"href":"https:\/\/universeproduction.com\/pl\/wp-json\/wp\/v2\/product_cat?post=1220449"},{"taxonomy":"product_tag","embeddable":true,"href":"https:\/\/universeproduction.com\/pl\/wp-json\/wp\/v2\/product_tag?post=1220449"}],"curies":[{"name":"wp","href":"https:\/\/api.w.org\/{rel}","templated":true}]}}