{"id":1220151,"date":"2022-10-17T12:35:16","date_gmt":"2022-10-17T12:35:16","guid":{"rendered":"https:\/\/universeproduction.eu\/product\/womens-wilson-bodywarmer-jacket\/"},"modified":"2022-10-17T12:35:16","modified_gmt":"2022-10-17T12:35:16","slug":"womens-wilson-bodywarmer-jacket","status":"publish","type":"product","link":"https:\/\/universeproduction.com\/pl\/produkt\/womens-wilson-bodywarmer-jacket\/","title":{"rendered":"Women\u00b4s Wilson Bodywarmer Jacket"},"content":{"rendered":"<p>Nylon 380T; Materia\u0142 zewn\u0119trzny i podszewka: 100% Poliamid; Ocieplenie 70 g\/m\u00b2: 90% Puch \/ 10% Pi\u00f3ra | D\u0142ugi zamek | 2 kieszenie z przodu na zamek | 2 wewn\u0119trzne kieszenie | St\u00f3jka | Dopasowany kr\u00f3j | Mo\u017cliwo\u015b\u0107 skompresowania do do\u0142\u0105czonego woreczka (system \u201ein bag\u201d) | Metka bez logo<\/p>\n","protected":false},"excerpt":{"rendered":"<p>Nylon 380T; Materia\u0142 zewn\u0119trzny i podszewka: 100% Poliamid; Ocieplenie 70 g\/m\u00b2: 90% Puch \/ 10% Pi\u00f3ra | D\u0142ugi zamek | 2 kieszenie z przodu na zamek | 2 wewn\u0119trzne kieszenie | St\u00f3jka | Dopasowany kr\u00f3j | Mo\u017cliwo\u015b\u0107 skompresowania do do\u0142\u0105czonego woreczka (system \u201ein bag\u201d) | Metka bez logo<\/p>\n","protected":false},"featured_media":1224632,"template":"","meta":[],"product_cat":[99842,100462],"product_tag":[],"_links":{"self":[{"href":"https:\/\/universeproduction.com\/pl\/wp-json\/wp\/v2\/product\/1220151"}],"collection":[{"href":"https:\/\/universeproduction.com\/pl\/wp-json\/wp\/v2\/product"}],"about":[{"href":"https:\/\/universeproduction.com\/pl\/wp-json\/wp\/v2\/types\/product"}],"wp:featuredmedia":[{"embeddable":true,"href":"https:\/\/universeproduction.com\/pl\/wp-json\/wp\/v2\/media\/1224632"}],"wp:attachment":[{"href":"https:\/\/universeproduction.com\/pl\/wp-json\/wp\/v2\/media?parent=1220151"}],"wp:term":[{"taxonomy":"product_cat","embeddable":true,"href":"https:\/\/universeproduction.com\/pl\/wp-json\/wp\/v2\/product_cat?post=1220151"},{"taxonomy":"product_tag","embeddable":true,"href":"https:\/\/universeproduction.com\/pl\/wp-json\/wp\/v2\/product_tag?post=1220151"}],"curies":[{"name":"wp","href":"https:\/\/api.w.org\/{rel}","templated":true}]}}