{"id":1220086,"date":"2022-10-17T12:34:52","date_gmt":"2022-10-17T12:34:52","guid":{"rendered":"https:\/\/universeproduction.eu\/product\/womens-lightweight-bodywarmer-wave\/"},"modified":"2022-10-17T12:34:52","modified_gmt":"2022-10-17T12:34:52","slug":"womens-lightweight-bodywarmer-wave","status":"publish","type":"product","link":"https:\/\/universeproduction.com\/pl\/produkt\/womens-lightweight-bodywarmer-wave\/","title":{"rendered":"Women\u00b4s Lightweight Bodywarmer Wave"},"content":{"rendered":"<p>2 kieszenie zapinane na zamki b\u0142yskawiczne | Wysoka st\u00f3jka | Lam\u00f3wki przy kieszeniach i zamku<\/p>\n","protected":false},"excerpt":{"rendered":"<p>2 kieszenie zapinane na zamki b\u0142yskawiczne | Wysoka st\u00f3jka | Lam\u00f3wki przy kieszeniach i zamku<\/p>\n","protected":false},"featured_media":1224635,"template":"","meta":[],"product_cat":[99842,100462],"product_tag":[],"_links":{"self":[{"href":"https:\/\/universeproduction.com\/pl\/wp-json\/wp\/v2\/product\/1220086"}],"collection":[{"href":"https:\/\/universeproduction.com\/pl\/wp-json\/wp\/v2\/product"}],"about":[{"href":"https:\/\/universeproduction.com\/pl\/wp-json\/wp\/v2\/types\/product"}],"wp:featuredmedia":[{"embeddable":true,"href":"https:\/\/universeproduction.com\/pl\/wp-json\/wp\/v2\/media\/1224635"}],"wp:attachment":[{"href":"https:\/\/universeproduction.com\/pl\/wp-json\/wp\/v2\/media?parent=1220086"}],"wp:term":[{"taxonomy":"product_cat","embeddable":true,"href":"https:\/\/universeproduction.com\/pl\/wp-json\/wp\/v2\/product_cat?post=1220086"},{"taxonomy":"product_tag","embeddable":true,"href":"https:\/\/universeproduction.com\/pl\/wp-json\/wp\/v2\/product_tag?post=1220086"}],"curies":[{"name":"wp","href":"https:\/\/api.w.org\/{rel}","templated":true}]}}