{"id":1218757,"date":"2022-10-17T10:52:26","date_gmt":"2022-10-17T10:52:26","guid":{"rendered":"https:\/\/universeproduction.eu\/product\/surf-hoodie\/"},"modified":"2022-10-17T10:52:26","modified_gmt":"2022-10-17T10:52:26","slug":"surf-hoodie","status":"publish","type":"product","link":"https:\/\/universeproduction.com\/pl\/produkt\/surf-hoodie\/","title":{"rendered":"Surf Hoodie"},"content":{"rendered":"<p>Podw\u00f3jne szwy | Melan\u017cowe kolory | Wygodny fason | Dwuwarstwowy kaptur | Kiesze\u0144 kangurka | P\u0142askie troczki | \u015aci\u0105gacze przy r\u0119kawach i u do\u0142u bluzy z dzianiny pr\u0105\u017ckowanej | Odrywana metka | Certyfikacja WRAP<\/p>\n","protected":false},"excerpt":{"rendered":"<p>Podw\u00f3jne szwy | Melan\u017cowe kolory | Wygodny fason | Dwuwarstwowy kaptur | Kiesze\u0144 kangurka | P\u0142askie troczki | \u015aci\u0105gacze przy r\u0119kawach i u do\u0142u bluzy z dzianiny pr\u0105\u017ckowanej | Odrywana metka | Certyfikacja WRAP<\/p>\n","protected":false},"featured_media":1224661,"template":"","meta":[],"product_cat":[100449,99842],"product_tag":[],"_links":{"self":[{"href":"https:\/\/universeproduction.com\/pl\/wp-json\/wp\/v2\/product\/1218757"}],"collection":[{"href":"https:\/\/universeproduction.com\/pl\/wp-json\/wp\/v2\/product"}],"about":[{"href":"https:\/\/universeproduction.com\/pl\/wp-json\/wp\/v2\/types\/product"}],"wp:featuredmedia":[{"embeddable":true,"href":"https:\/\/universeproduction.com\/pl\/wp-json\/wp\/v2\/media\/1224661"}],"wp:attachment":[{"href":"https:\/\/universeproduction.com\/pl\/wp-json\/wp\/v2\/media?parent=1218757"}],"wp:term":[{"taxonomy":"product_cat","embeddable":true,"href":"https:\/\/universeproduction.com\/pl\/wp-json\/wp\/v2\/product_cat?post=1218757"},{"taxonomy":"product_tag","embeddable":true,"href":"https:\/\/universeproduction.com\/pl\/wp-json\/wp\/v2\/product_tag?post=1218757"}],"curies":[{"name":"wp","href":"https:\/\/api.w.org\/{rel}","templated":true}]}}