{"id":1217679,"date":"2022-10-17T10:35:42","date_gmt":"2022-10-17T10:35:42","guid":{"rendered":"https:\/\/universeproduction.eu\/product\/queen-hooded-sweat_\/"},"modified":"2022-10-17T10:35:42","modified_gmt":"2022-10-17T10:35:42","slug":"queen-hooded-sweat_","status":"publish","type":"product","link":"https:\/\/universeproduction.com\/pl\/produkt\/queen-hooded-sweat_\/","title":{"rendered":"QUEEN Hooded Sweat_\u00b0"},"content":{"rendered":"<p>Wewn\u0105trz czesany polar | D\u0142ugie r\u0119kawy | Kaptur | Prosty fason | Wst\u0119pnie prana, czesana bawe\u0142na ring-spun | Szwy boczne | Podszewka single jersey w kapturze | P\u0142askie troczki z metalowymi ko\u0144c\u00f3wkami | Wytrzyma\u0142a ta\u015bma wzmacniaj\u0105ca na karku | P\u00f3\u0142ksi\u0119\u017cycowy karczek single jersey | 100% Mi\u0119kka bawe\u0142na z wyko\u0144czeniem peached feel (technologia B&#038;C PST) | G\u0142adka, mi\u0119kka powierzchnia | Mi\u0119kka, satynowa metka<\/p>\n","protected":false},"excerpt":{"rendered":"<p>Wewn\u0105trz czesany polar | D\u0142ugie r\u0119kawy | Kaptur | Prosty fason | Wst\u0119pnie prana, czesana bawe\u0142na ring-spun | Szwy boczne | Podszewka single jersey w kapturze | P\u0142askie troczki z metalowymi ko\u0144c\u00f3wkami | Wytrzyma\u0142a ta\u015bma wzmacniaj\u0105ca na karku | P\u00f3\u0142ksi\u0119\u017cycowy karczek single jersey | 100% Mi\u0119kka bawe\u0142na z wyko\u0144czeniem peached feel (technologia B&#038;C PST) | [&hellip;]<\/p>\n","protected":false},"featured_media":1224677,"template":"","meta":[],"product_cat":[100449,99842],"product_tag":[],"_links":{"self":[{"href":"https:\/\/universeproduction.com\/pl\/wp-json\/wp\/v2\/product\/1217679"}],"collection":[{"href":"https:\/\/universeproduction.com\/pl\/wp-json\/wp\/v2\/product"}],"about":[{"href":"https:\/\/universeproduction.com\/pl\/wp-json\/wp\/v2\/types\/product"}],"wp:featuredmedia":[{"embeddable":true,"href":"https:\/\/universeproduction.com\/pl\/wp-json\/wp\/v2\/media\/1224677"}],"wp:attachment":[{"href":"https:\/\/universeproduction.com\/pl\/wp-json\/wp\/v2\/media?parent=1217679"}],"wp:term":[{"taxonomy":"product_cat","embeddable":true,"href":"https:\/\/universeproduction.com\/pl\/wp-json\/wp\/v2\/product_cat?post=1217679"},{"taxonomy":"product_tag","embeddable":true,"href":"https:\/\/universeproduction.com\/pl\/wp-json\/wp\/v2\/product_tag?post=1217679"}],"curies":[{"name":"wp","href":"https:\/\/api.w.org\/{rel}","templated":true}]}}