{"id":1216223,"date":"2022-10-17T09:16:02","date_gmt":"2022-10-17T09:16:02","guid":{"rendered":"https:\/\/universeproduction.eu\/product\/ladies-authentic-melange-zipped-hood-sweat\/"},"modified":"2022-10-17T09:16:02","modified_gmt":"2022-10-17T09:16:02","slug":"ladies-authentic-melange-zipped-hood-sweat","status":"publish","type":"product","link":"https:\/\/universeproduction.com\/pl\/produkt\/ladies-authentic-melange-zipped-hood-sweat\/","title":{"rendered":"Ladies\u00b4 Authentic Melange Zipped Hood Sweat"},"content":{"rendered":"<p>Bawe\u0142na czesana typu ring-spun | Tkanina wierzchnia: 100% bawe\u0142ny (tkanina trzywarstwowa) | Damski fason | Karczek w kszta\u0142cie p\u00f3\u0142ksi\u0119\u017cyca | Wzmacniaj\u0105ca ta\u015bma w jode\u0142k\u0119 na karku | Tylko ma\u0142a etykietka na karku z rozmiarem (w tym numerem produktu) | Kiesze\u0144 typu kangurek | Kryty szew na ramionach, mankietach i u do\u0142u | Dodatek elastanu w \u015bci\u0105gaczach wykroju pach i do\u0142u kamizelki | P\u0142askie troczki | Dwuwarstwowy kaptur z p\u0142askimi szerokimi troczkami | Wyj\u015bcie s\u0142uchawkowe | Kryty, metalowy zamek YKK (Antique Silver) | Du\u017ca powierzchnia do zdobienia<\/p>\n","protected":false},"excerpt":{"rendered":"<p>Bawe\u0142na czesana typu ring-spun | Tkanina wierzchnia: 100% bawe\u0142ny (tkanina trzywarstwowa) | Damski fason | Karczek w kszta\u0142cie p\u00f3\u0142ksi\u0119\u017cyca | Wzmacniaj\u0105ca ta\u015bma w jode\u0142k\u0119 na karku | Tylko ma\u0142a etykietka na karku z rozmiarem (w tym numerem produktu) | Kiesze\u0144 typu kangurek | Kryty szew na ramionach, mankietach i u do\u0142u | Dodatek elastanu w [&hellip;]<\/p>\n","protected":false},"featured_media":1162180,"template":"","meta":[],"product_cat":[100449,99842,100453],"product_tag":[],"_links":{"self":[{"href":"https:\/\/universeproduction.com\/pl\/wp-json\/wp\/v2\/product\/1216223"}],"collection":[{"href":"https:\/\/universeproduction.com\/pl\/wp-json\/wp\/v2\/product"}],"about":[{"href":"https:\/\/universeproduction.com\/pl\/wp-json\/wp\/v2\/types\/product"}],"wp:featuredmedia":[{"embeddable":true,"href":"https:\/\/universeproduction.com\/pl\/wp-json\/wp\/v2\/media\/1162180"}],"wp:attachment":[{"href":"https:\/\/universeproduction.com\/pl\/wp-json\/wp\/v2\/media?parent=1216223"}],"wp:term":[{"taxonomy":"product_cat","embeddable":true,"href":"https:\/\/universeproduction.com\/pl\/wp-json\/wp\/v2\/product_cat?post=1216223"},{"taxonomy":"product_tag","embeddable":true,"href":"https:\/\/universeproduction.com\/pl\/wp-json\/wp\/v2\/product_tag?post=1216223"}],"curies":[{"name":"wp","href":"https:\/\/api.w.org\/{rel}","templated":true}]}}