{"id":1216033,"date":"2022-10-17T09:14:19","date_gmt":"2022-10-17T09:14:19","guid":{"rendered":"https:\/\/universeproduction.eu\/product\/womens-veleta-sweatjacket\/"},"modified":"2022-10-17T09:14:19","modified_gmt":"2022-10-17T09:14:19","slug":"womens-veleta-sweatjacket","status":"publish","type":"product","link":"https:\/\/universeproduction.com\/pl\/produkt\/womens-veleta-sweatjacket\/","title":{"rendered":"Women\u00b4s Veleta Sweatjacket"},"content":{"rendered":"<p>Podszewka: czesany polar | Podszewka kaptura w pasuj\u0105cym kolorze | Metalowy zamek b\u0142yskawiczny w kolorze srebrnym na ca\u0142ej d\u0142ugo\u015bci | Kiesze\u0144 kangurkowa | Ta\u015bma wzmacniaj\u0105ca na karku | Pr\u0105\u017ckowana dzianina (2&#215;2) przy r\u0119kawach i na dole | Dopasowany kr\u00f3j | Odrywana metka<\/p>\n","protected":false},"excerpt":{"rendered":"<p>Podszewka: czesany polar | Podszewka kaptura w pasuj\u0105cym kolorze | Metalowy zamek b\u0142yskawiczny w kolorze srebrnym na ca\u0142ej d\u0142ugo\u015bci | Kiesze\u0144 kangurkowa | Ta\u015bma wzmacniaj\u0105ca na karku | Pr\u0105\u017ckowana dzianina (2&#215;2) przy r\u0119kawach i na dole | Dopasowany kr\u00f3j | Odrywana metka<\/p>\n","protected":false},"featured_media":1162231,"template":"","meta":[],"product_cat":[100449,99842,100453],"product_tag":[],"_links":{"self":[{"href":"https:\/\/universeproduction.com\/pl\/wp-json\/wp\/v2\/product\/1216033"}],"collection":[{"href":"https:\/\/universeproduction.com\/pl\/wp-json\/wp\/v2\/product"}],"about":[{"href":"https:\/\/universeproduction.com\/pl\/wp-json\/wp\/v2\/types\/product"}],"wp:featuredmedia":[{"embeddable":true,"href":"https:\/\/universeproduction.com\/pl\/wp-json\/wp\/v2\/media\/1162231"}],"wp:attachment":[{"href":"https:\/\/universeproduction.com\/pl\/wp-json\/wp\/v2\/media?parent=1216033"}],"wp:term":[{"taxonomy":"product_cat","embeddable":true,"href":"https:\/\/universeproduction.com\/pl\/wp-json\/wp\/v2\/product_cat?post=1216033"},{"taxonomy":"product_tag","embeddable":true,"href":"https:\/\/universeproduction.com\/pl\/wp-json\/wp\/v2\/product_tag?post=1216033"}],"curies":[{"name":"wp","href":"https:\/\/api.w.org\/{rel}","templated":true}]}}