{"id":1214192,"date":"2022-10-17T08:40:21","date_gmt":"2022-10-17T08:40:21","guid":{"rendered":"https:\/\/universeproduction.eu\/product\/inspire-crew-neck-sweat-women_\/"},"modified":"2022-10-17T08:40:21","modified_gmt":"2022-10-17T08:40:21","slug":"inspire-crew-neck-sweat-women_","status":"publish","type":"product","link":"https:\/\/universeproduction.com\/pl\/produkt\/inspire-crew-neck-sweat-women_\/","title":{"rendered":"Inspire Crew Neck Sweat \/Women_\u00b0"},"content":{"rendered":"<p>Tkanina French Terry | D\u0142ugie r\u0119kawy | Okr\u0105g\u0142y dekolt | Prosty fason | Wst\u0119pnie prana, czesana bawe\u0142na organiczna ring spun | Poliester pochodz\u0105cy z recyklingu | Szwy boczne | Brak metki | P\u00f3\u0142ksi\u0119\u017cycowy karczek single jersey | Wysokiej jako\u015bci ta\u015bma wzmacniaj\u0105ca o jode\u0142kowym splocie | Nieczesana tkanina | Wytrzyma\u0142a tkanina | Mi\u0119kki w dotyku | 100% G\u0142adka i mi\u0119kka, bawe\u0142niana powierzchnia | Mi\u0119kka, satynowa metka w szwie bocznym<\/p>\n","protected":false},"excerpt":{"rendered":"<p>Tkanina French Terry | D\u0142ugie r\u0119kawy | Okr\u0105g\u0142y dekolt | Prosty fason | Wst\u0119pnie prana, czesana bawe\u0142na organiczna ring spun | Poliester pochodz\u0105cy z recyklingu | Szwy boczne | Brak metki | P\u00f3\u0142ksi\u0119\u017cycowy karczek single jersey | Wysokiej jako\u015bci ta\u015bma wzmacniaj\u0105ca o jode\u0142kowym splocie | Nieczesana tkanina | Wytrzyma\u0142a tkanina | Mi\u0119kki w dotyku | [&hellip;]<\/p>\n","protected":false},"featured_media":1224723,"template":"","meta":[],"product_cat":[100449,100451,99842],"product_tag":[],"_links":{"self":[{"href":"https:\/\/universeproduction.com\/pl\/wp-json\/wp\/v2\/product\/1214192"}],"collection":[{"href":"https:\/\/universeproduction.com\/pl\/wp-json\/wp\/v2\/product"}],"about":[{"href":"https:\/\/universeproduction.com\/pl\/wp-json\/wp\/v2\/types\/product"}],"wp:featuredmedia":[{"embeddable":true,"href":"https:\/\/universeproduction.com\/pl\/wp-json\/wp\/v2\/media\/1224723"}],"wp:attachment":[{"href":"https:\/\/universeproduction.com\/pl\/wp-json\/wp\/v2\/media?parent=1214192"}],"wp:term":[{"taxonomy":"product_cat","embeddable":true,"href":"https:\/\/universeproduction.com\/pl\/wp-json\/wp\/v2\/product_cat?post=1214192"},{"taxonomy":"product_tag","embeddable":true,"href":"https:\/\/universeproduction.com\/pl\/wp-json\/wp\/v2\/product_tag?post=1214192"}],"curies":[{"name":"wp","href":"https:\/\/api.w.org\/{rel}","templated":true}]}}