{"id":1213538,"date":"2022-10-17T08:33:54","date_gmt":"2022-10-17T08:33:54","guid":{"rendered":"https:\/\/universeproduction.eu\/product\/ladies-lightweight-raglan-sweat\/"},"modified":"2022-10-17T08:33:54","modified_gmt":"2022-10-17T08:33:54","slug":"ladies-lightweight-raglan-sweat","status":"publish","type":"product","link":"https:\/\/universeproduction.com\/pl\/produkt\/ladies-lightweight-raglan-sweat\/","title":{"rendered":"Ladies\u00b4 Lightweight Raglan Sweat"},"content":{"rendered":"<p>Lekki nieczesany polar | Raglanowe r\u0119kawy | \u015aci\u0105gacze przy mankietach, dekolcie i u do\u0142u bluzy z dzianiny pr\u0105\u017ckowanej z dodatkiem Lycry\u00ae | Wyprofilowane szwy boczne zapewniaj\u0105 kobiecy kr\u00f3j<\/p>\n","protected":false},"excerpt":{"rendered":"<p>Lekki nieczesany polar | Raglanowe r\u0119kawy | \u015aci\u0105gacze przy mankietach, dekolcie i u do\u0142u bluzy z dzianiny pr\u0105\u017ckowanej z dodatkiem Lycry\u00ae | Wyprofilowane szwy boczne zapewniaj\u0105 kobiecy kr\u00f3j<\/p>\n","protected":false},"featured_media":1224729,"template":"","meta":[],"product_cat":[100449,100451,99842],"product_tag":[],"_links":{"self":[{"href":"https:\/\/universeproduction.com\/pl\/wp-json\/wp\/v2\/product\/1213538"}],"collection":[{"href":"https:\/\/universeproduction.com\/pl\/wp-json\/wp\/v2\/product"}],"about":[{"href":"https:\/\/universeproduction.com\/pl\/wp-json\/wp\/v2\/types\/product"}],"wp:featuredmedia":[{"embeddable":true,"href":"https:\/\/universeproduction.com\/pl\/wp-json\/wp\/v2\/media\/1224729"}],"wp:attachment":[{"href":"https:\/\/universeproduction.com\/pl\/wp-json\/wp\/v2\/media?parent=1213538"}],"wp:term":[{"taxonomy":"product_cat","embeddable":true,"href":"https:\/\/universeproduction.com\/pl\/wp-json\/wp\/v2\/product_cat?post=1213538"},{"taxonomy":"product_tag","embeddable":true,"href":"https:\/\/universeproduction.com\/pl\/wp-json\/wp\/v2\/product_tag?post=1213538"}],"curies":[{"name":"wp","href":"https:\/\/api.w.org\/{rel}","templated":true}]}}