{"id":1212753,"date":"2022-10-17T07:57:59","date_gmt":"2022-10-17T07:57:59","guid":{"rendered":"https:\/\/universeproduction.eu\/product\/womens-polo-shirt-prime\/"},"modified":"2022-10-17T07:57:59","modified_gmt":"2022-10-17T07:57:59","slug":"womens-polo-shirt-prime","status":"publish","type":"product","link":"https:\/\/universeproduction.com\/pl\/produkt\/womens-polo-shirt-prime\/","title":{"rendered":"Women\u00b4s Polo Shirt Prime"},"content":{"rendered":"<p>65% poliester \/ 35% bawe\u0142na ring spun | Ko\u0142nierz i \u015bci\u0105gacze r\u0119kaw\u00f3w wyko\u0144czone dzianin\u0105 pr\u0105\u017ckowan\u0105 rib | Ta\u015bma wzmacniaj\u0105ca na karku | \u0141atwa piel\u0119gnacja | Kr\u00f3tkie r\u0119kawy | Listwa z 3 guzikami w kolorze koszulki | Szwy wzmacniaj\u0105ce na ramionach | Szwy boczne | Zapasowe guziki na wewn\u0119trznym szwie<\/p>\n","protected":false},"excerpt":{"rendered":"<p>65% poliester \/ 35% bawe\u0142na ring spun | Ko\u0142nierz i \u015bci\u0105gacze r\u0119kaw\u00f3w wyko\u0144czone dzianin\u0105 pr\u0105\u017ckowan\u0105 rib | Ta\u015bma wzmacniaj\u0105ca na karku | \u0141atwa piel\u0119gnacja | Kr\u00f3tkie r\u0119kawy | Listwa z 3 guzikami w kolorze koszulki | Szwy wzmacniaj\u0105ce na ramionach | Szwy boczne | Zapasowe guziki na wewn\u0119trznym szwie<\/p>\n","protected":false},"featured_media":1224739,"template":"","meta":[],"product_cat":[99842,100455],"product_tag":[],"_links":{"self":[{"href":"https:\/\/universeproduction.com\/pl\/wp-json\/wp\/v2\/product\/1212753"}],"collection":[{"href":"https:\/\/universeproduction.com\/pl\/wp-json\/wp\/v2\/product"}],"about":[{"href":"https:\/\/universeproduction.com\/pl\/wp-json\/wp\/v2\/types\/product"}],"wp:featuredmedia":[{"embeddable":true,"href":"https:\/\/universeproduction.com\/pl\/wp-json\/wp\/v2\/media\/1224739"}],"wp:attachment":[{"href":"https:\/\/universeproduction.com\/pl\/wp-json\/wp\/v2\/media?parent=1212753"}],"wp:term":[{"taxonomy":"product_cat","embeddable":true,"href":"https:\/\/universeproduction.com\/pl\/wp-json\/wp\/v2\/product_cat?post=1212753"},{"taxonomy":"product_tag","embeddable":true,"href":"https:\/\/universeproduction.com\/pl\/wp-json\/wp\/v2\/product_tag?post=1212753"}],"curies":[{"name":"wp","href":"https:\/\/api.w.org\/{rel}","templated":true}]}}