{"id":1212212,"date":"2022-10-17T07:50:01","date_gmt":"2022-10-17T07:50:01","guid":{"rendered":"https:\/\/universeproduction.eu\/product\/womens-star-poloshirt\/"},"modified":"2022-10-17T07:50:01","modified_gmt":"2022-10-17T07:50:01","slug":"womens-star-poloshirt","status":"publish","type":"product","link":"https:\/\/universeproduction.com\/pl\/produkt\/womens-star-poloshirt\/","title":{"rendered":"Women\u00b4s Star Poloshirt"},"content":{"rendered":"<p>Pika | Z kr\u00f3tkim r\u0119kawem | Ta\u015bma wzmacniaj\u0105ca na karku | Dzianinowy pr\u0105\u017ckowany ko\u0142nierzyk | \u015aci\u0105gacze na r\u0119kawach | Szwy boczne | Dopasowany kr\u00f3j | W\u0105ska listwa na 3 guziki w tym samym kolorze | Szwy boczne z rozci\u0119ciem | Odrywana metka<\/p>\n","protected":false},"excerpt":{"rendered":"<p>Pika | Z kr\u00f3tkim r\u0119kawem | Ta\u015bma wzmacniaj\u0105ca na karku | Dzianinowy pr\u0105\u017ckowany ko\u0142nierzyk | \u015aci\u0105gacze na r\u0119kawach | Szwy boczne | Dopasowany kr\u00f3j | W\u0105ska listwa na 3 guziki w tym samym kolorze | Szwy boczne z rozci\u0119ciem | Odrywana metka<\/p>\n","protected":false},"featured_media":1159500,"template":"","meta":[],"product_cat":[99842,100455],"product_tag":[],"_links":{"self":[{"href":"https:\/\/universeproduction.com\/pl\/wp-json\/wp\/v2\/product\/1212212"}],"collection":[{"href":"https:\/\/universeproduction.com\/pl\/wp-json\/wp\/v2\/product"}],"about":[{"href":"https:\/\/universeproduction.com\/pl\/wp-json\/wp\/v2\/types\/product"}],"wp:featuredmedia":[{"embeddable":true,"href":"https:\/\/universeproduction.com\/pl\/wp-json\/wp\/v2\/media\/1159500"}],"wp:attachment":[{"href":"https:\/\/universeproduction.com\/pl\/wp-json\/wp\/v2\/media?parent=1212212"}],"wp:term":[{"taxonomy":"product_cat","embeddable":true,"href":"https:\/\/universeproduction.com\/pl\/wp-json\/wp\/v2\/product_cat?post=1212212"},{"taxonomy":"product_tag","embeddable":true,"href":"https:\/\/universeproduction.com\/pl\/wp-json\/wp\/v2\/product_tag?post=1212212"}],"curies":[{"name":"wp","href":"https:\/\/api.w.org\/{rel}","templated":true}]}}