{"id":1210446,"date":"2022-10-17T07:34:08","date_gmt":"2022-10-17T07:34:08","guid":{"rendered":"https:\/\/universeproduction.eu\/product\/inspire-polo-women_\/"},"modified":"2022-10-17T07:34:08","modified_gmt":"2022-10-17T07:34:08","slug":"inspire-polo-women_","status":"publish","type":"product","link":"https:\/\/universeproduction.com\/pl\/produkt\/inspire-polo-women_\/","title":{"rendered":"Inspire Polo \/Women_\u00b0"},"content":{"rendered":"<p>100% organiczna bawe\u0142na pique | Dekatyzowana | Mi\u0119kki w dotyku | \u201eNeutralna metka rozmiarowa B&#038;C\u201d | Pr\u0105\u017ckowanie 1X1 rib na ko\u0142nierzyku i mankietach | Dopasowane kolorystycznie guziki | Ta\u015bma wzmacniaj\u0105c\u0105 na karku | Wsp\u00f3\u0142czesny kr\u00f3j | Szwy boczne | G\u0142adka powierzchnia | B&#038;C Collection jest cz\u0142onkiem Fair Wear Foundation<\/p>\n","protected":false},"excerpt":{"rendered":"<p>100% organiczna bawe\u0142na pique | Dekatyzowana | Mi\u0119kki w dotyku | \u201eNeutralna metka rozmiarowa B&#038;C\u201d | Pr\u0105\u017ckowanie 1X1 rib na ko\u0142nierzyku i mankietach | Dopasowane kolorystycznie guziki | Ta\u015bma wzmacniaj\u0105c\u0105 na karku | Wsp\u00f3\u0142czesny kr\u00f3j | Szwy boczne | G\u0142adka powierzchnia | B&#038;C Collection jest cz\u0142onkiem Fair Wear Foundation<\/p>\n","protected":false},"featured_media":769263,"template":"","meta":[],"product_cat":[99842,100455],"product_tag":[],"_links":{"self":[{"href":"https:\/\/universeproduction.com\/pl\/wp-json\/wp\/v2\/product\/1210446"}],"collection":[{"href":"https:\/\/universeproduction.com\/pl\/wp-json\/wp\/v2\/product"}],"about":[{"href":"https:\/\/universeproduction.com\/pl\/wp-json\/wp\/v2\/types\/product"}],"wp:featuredmedia":[{"embeddable":true,"href":"https:\/\/universeproduction.com\/pl\/wp-json\/wp\/v2\/media\/769263"}],"wp:attachment":[{"href":"https:\/\/universeproduction.com\/pl\/wp-json\/wp\/v2\/media?parent=1210446"}],"wp:term":[{"taxonomy":"product_cat","embeddable":true,"href":"https:\/\/universeproduction.com\/pl\/wp-json\/wp\/v2\/product_cat?post=1210446"},{"taxonomy":"product_tag","embeddable":true,"href":"https:\/\/universeproduction.com\/pl\/wp-json\/wp\/v2\/product_tag?post=1210446"}],"curies":[{"name":"wp","href":"https:\/\/api.w.org\/{rel}","templated":true}]}}