{"id":1209246,"date":"2022-10-17T05:57:19","date_gmt":"2022-10-17T05:57:19","guid":{"rendered":"https:\/\/universeproduction.eu\/product\/claire-long-sleeve-women\/"},"modified":"2022-10-17T05:57:19","modified_gmt":"2022-10-17T05:57:19","slug":"claire-long-sleeve-women","status":"publish","type":"product","link":"https:\/\/universeproduction.com\/pl\/produkt\/claire-long-sleeve-women\/","title":{"rendered":"Claire Long Sleeve Women"},"content":{"rendered":"<p>95% bawe\u0142na czesana ring-spun z domieszk\u0105 5% elastanu | Single jersey \u201eFull Feeder\u201d | W\u0105ski dekolt | Szwy wzmacniaj\u0105ce na ramionach | Ta\u015bma wzmacniaj\u0105ca na karku w kontrastowym kolorze | Cienka lam\u00f3wka r\u0119kaw\u00f3w z tej samej tkaniny | Elegancki, szeroki dekolt | Ma\u0142a metka rozmiarowa na karku | Metka dot. piel\u0119gnacji w szwie bocznym | Szwy boczne | Dopasowany fason | Mo\u017cliwo\u015b\u0107 prania w temp. do 40\u00b0C<\/p>\n","protected":false},"excerpt":{"rendered":"<p>95% bawe\u0142na czesana ring-spun z domieszk\u0105 5% elastanu | Single jersey \u201eFull Feeder\u201d | W\u0105ski dekolt | Szwy wzmacniaj\u0105ce na ramionach | Ta\u015bma wzmacniaj\u0105ca na karku w kontrastowym kolorze | Cienka lam\u00f3wka r\u0119kaw\u00f3w z tej samej tkaniny | Elegancki, szeroki dekolt | Ma\u0142a metka rozmiarowa na karku | Metka dot. piel\u0119gnacji w szwie bocznym | [&hellip;]<\/p>\n","protected":false},"featured_media":1159018,"template":"","meta":[],"product_cat":[99842,100459,100458],"product_tag":[],"_links":{"self":[{"href":"https:\/\/universeproduction.com\/pl\/wp-json\/wp\/v2\/product\/1209246"}],"collection":[{"href":"https:\/\/universeproduction.com\/pl\/wp-json\/wp\/v2\/product"}],"about":[{"href":"https:\/\/universeproduction.com\/pl\/wp-json\/wp\/v2\/types\/product"}],"wp:featuredmedia":[{"embeddable":true,"href":"https:\/\/universeproduction.com\/pl\/wp-json\/wp\/v2\/media\/1159018"}],"wp:attachment":[{"href":"https:\/\/universeproduction.com\/pl\/wp-json\/wp\/v2\/media?parent=1209246"}],"wp:term":[{"taxonomy":"product_cat","embeddable":true,"href":"https:\/\/universeproduction.com\/pl\/wp-json\/wp\/v2\/product_cat?post=1209246"},{"taxonomy":"product_tag","embeddable":true,"href":"https:\/\/universeproduction.com\/pl\/wp-json\/wp\/v2\/product_tag?post=1209246"}],"curies":[{"name":"wp","href":"https:\/\/api.w.org\/{rel}","templated":true}]}}