{"id":1208180,"date":"2022-10-14T12:47:05","date_gmt":"2022-10-14T12:47:05","guid":{"rendered":"https:\/\/universeproduction.eu\/product\/ladies-v-neck-knitted-pullover\/"},"modified":"2022-10-14T12:47:05","modified_gmt":"2022-10-14T12:47:05","slug":"ladies-v-neck-knitted-pullover","status":"publish","type":"product","link":"https:\/\/universeproduction.com\/pl\/produkt\/ladies-v-neck-knitted-pullover\/","title":{"rendered":"Ladies\u00b4 V-Neck Knitted Pullover"},"content":{"rendered":"<p>CottonBlend&#x2122; | \u0141atwa w piel\u0119gnacji bawe\u0142na CottonBlend&#x2122; | Dodatek elastanu w \u015bci\u0105gaczach wykroju pach i do\u0142u kamizelki | Nowoczesny fason | Wiele rozmiar\u00f3w | Pranie w temp. do 40\u00b0C, suszenie w suszarce b\u0119bnowej | Szybkoschn\u0105ca. \u0141atwa w piel\u0119gnacji<\/p>\n","protected":false},"excerpt":{"rendered":"<p>CottonBlend&#x2122; | \u0141atwa w piel\u0119gnacji bawe\u0142na CottonBlend&#x2122; | Dodatek elastanu w \u015bci\u0105gaczach wykroju pach i do\u0142u kamizelki | Nowoczesny fason | Wiele rozmiar\u00f3w | Pranie w temp. do 40\u00b0C, suszenie w suszarce b\u0119bnowej | Szybkoschn\u0105ca. \u0141atwa w piel\u0119gnacji<\/p>\n","protected":false},"featured_media":1156265,"template":"","meta":[],"product_cat":[99842,100457],"product_tag":[],"_links":{"self":[{"href":"https:\/\/universeproduction.com\/pl\/wp-json\/wp\/v2\/product\/1208180"}],"collection":[{"href":"https:\/\/universeproduction.com\/pl\/wp-json\/wp\/v2\/product"}],"about":[{"href":"https:\/\/universeproduction.com\/pl\/wp-json\/wp\/v2\/types\/product"}],"wp:featuredmedia":[{"embeddable":true,"href":"https:\/\/universeproduction.com\/pl\/wp-json\/wp\/v2\/media\/1156265"}],"wp:attachment":[{"href":"https:\/\/universeproduction.com\/pl\/wp-json\/wp\/v2\/media?parent=1208180"}],"wp:term":[{"taxonomy":"product_cat","embeddable":true,"href":"https:\/\/universeproduction.com\/pl\/wp-json\/wp\/v2\/product_cat?post=1208180"},{"taxonomy":"product_tag","embeddable":true,"href":"https:\/\/universeproduction.com\/pl\/wp-json\/wp\/v2\/product_tag?post=1208180"}],"curies":[{"name":"wp","href":"https:\/\/api.w.org\/{rel}","templated":true}]}}