{"id":1207941,"date":"2022-10-14T12:23:58","date_gmt":"2022-10-14T12:23:58","guid":{"rendered":"https:\/\/universeproduction.eu\/product\/claire-crew-neck-women\/"},"modified":"2022-10-14T12:23:58","modified_gmt":"2022-10-14T12:23:58","slug":"claire-crew-neck-women","status":"publish","type":"product","link":"https:\/\/universeproduction.com\/pl\/produkt\/claire-crew-neck-women\/","title":{"rendered":"Claire Crew Neck Women"},"content":{"rendered":"<p>95% bawe\u0142na czesana ring-spun z domieszk\u0105 5% elastanu | Single jersey \u201eFull Feeder\u201d | Elegancki, szeroki dekolt | W\u0105ski dekolt | Ta\u015bma wzmacniaj\u0105ca na karku w kontrastowym kolorze | Cienka lam\u00f3wka r\u0119kaw\u00f3w z tej samej tkaniny | Szwy wzmacniaj\u0105ce na ramionach | Metka dot. piel\u0119gnacji w szwie bocznym | Ma\u0142a metka rozmiarowa na karku | Szwy boczne | Mo\u017cliwo\u015b\u0107 prania w temp. do 40\u00b0C | Dopasowany fason<\/p>\n","protected":false},"excerpt":{"rendered":"<p>95% bawe\u0142na czesana ring-spun z domieszk\u0105 5% elastanu | Single jersey \u201eFull Feeder\u201d | Elegancki, szeroki dekolt | W\u0105ski dekolt | Ta\u015bma wzmacniaj\u0105ca na karku w kontrastowym kolorze | Cienka lam\u00f3wka r\u0119kaw\u00f3w z tej samej tkaniny | Szwy wzmacniaj\u0105ce na ramionach | Metka dot. piel\u0119gnacji w szwie bocznym | Ma\u0142a metka rozmiarowa na karku | [&hellip;]<\/p>\n","protected":false},"featured_media":1156058,"template":"","meta":[],"product_cat":[99842,100460,100458],"product_tag":[],"_links":{"self":[{"href":"https:\/\/universeproduction.com\/pl\/wp-json\/wp\/v2\/product\/1207941"}],"collection":[{"href":"https:\/\/universeproduction.com\/pl\/wp-json\/wp\/v2\/product"}],"about":[{"href":"https:\/\/universeproduction.com\/pl\/wp-json\/wp\/v2\/types\/product"}],"wp:featuredmedia":[{"embeddable":true,"href":"https:\/\/universeproduction.com\/pl\/wp-json\/wp\/v2\/media\/1156058"}],"wp:attachment":[{"href":"https:\/\/universeproduction.com\/pl\/wp-json\/wp\/v2\/media?parent=1207941"}],"wp:term":[{"taxonomy":"product_cat","embeddable":true,"href":"https:\/\/universeproduction.com\/pl\/wp-json\/wp\/v2\/product_cat?post=1207941"},{"taxonomy":"product_tag","embeddable":true,"href":"https:\/\/universeproduction.com\/pl\/wp-json\/wp\/v2\/product_tag?post=1207941"}],"curies":[{"name":"wp","href":"https:\/\/api.w.org\/{rel}","templated":true}]}}