{"id":1207789,"date":"2022-10-14T12:22:24","date_gmt":"2022-10-14T12:22:24","guid":{"rendered":"https:\/\/universeproduction.eu\/product\/ladies-slim-t\/"},"modified":"2022-10-14T12:22:24","modified_gmt":"2022-10-14T12:22:24","slug":"ladies-slim-t","status":"publish","type":"product","link":"https:\/\/universeproduction.com\/pl\/produkt\/ladies-slim-t\/","title":{"rendered":"Ladies\u00b4 Slim T"},"content":{"rendered":"<p>Bawe\u0142na ring-spun | Szwy boczne | Ta\u015bma wzmacniaj\u0105ca na karku | R\u00f3\u017cnorodno\u015b\u0107 kolor\u00f3w<\/p>\n","protected":false},"excerpt":{"rendered":"<p>Bawe\u0142na ring-spun | Szwy boczne | Ta\u015bma wzmacniaj\u0105ca na karku | R\u00f3\u017cnorodno\u015b\u0107 kolor\u00f3w<\/p>\n","protected":false},"featured_media":1156112,"template":"","meta":[],"product_cat":[99842,100460,100458],"product_tag":[],"_links":{"self":[{"href":"https:\/\/universeproduction.com\/pl\/wp-json\/wp\/v2\/product\/1207789"}],"collection":[{"href":"https:\/\/universeproduction.com\/pl\/wp-json\/wp\/v2\/product"}],"about":[{"href":"https:\/\/universeproduction.com\/pl\/wp-json\/wp\/v2\/types\/product"}],"wp:featuredmedia":[{"embeddable":true,"href":"https:\/\/universeproduction.com\/pl\/wp-json\/wp\/v2\/media\/1156112"}],"wp:attachment":[{"href":"https:\/\/universeproduction.com\/pl\/wp-json\/wp\/v2\/media?parent=1207789"}],"wp:term":[{"taxonomy":"product_cat","embeddable":true,"href":"https:\/\/universeproduction.com\/pl\/wp-json\/wp\/v2\/product_cat?post=1207789"},{"taxonomy":"product_tag","embeddable":true,"href":"https:\/\/universeproduction.com\/pl\/wp-json\/wp\/v2\/product_tag?post=1207789"}],"curies":[{"name":"wp","href":"https:\/\/api.w.org\/{rel}","templated":true}]}}