{"id":1207636,"date":"2022-10-14T11:35:59","date_gmt":"2022-10-14T11:35:59","guid":{"rendered":"https:\/\/universeproduction.eu\/product\/womens-t-back-tank-top-moka\/"},"modified":"2022-10-14T11:35:59","modified_gmt":"2022-10-14T11:35:59","slug":"womens-t-back-tank-top-moka","status":"publish","type":"product","link":"https:\/\/universeproduction.com\/pl\/produkt\/womens-t-back-tank-top-moka\/","title":{"rendered":"Women\u00b4s T-Back Tank Top Moka"},"content":{"rendered":"<p>100% bawe\u0142na czesana ring-spun | Kr\u00f3j plec\u00f3w typu racerback | Okr\u0105g\u0142y sp\u00f3d | Szwy boczne | Lu\u017any kr\u00f3j | Metka bez logo na karku | Sheer Jersey 110<\/p>\n","protected":false},"excerpt":{"rendered":"<p>100% bawe\u0142na czesana ring-spun | Kr\u00f3j plec\u00f3w typu racerback | Okr\u0105g\u0142y sp\u00f3d | Szwy boczne | Lu\u017any kr\u00f3j | Metka bez logo na karku | Sheer Jersey 110<\/p>\n","protected":false},"featured_media":961821,"template":"","meta":[],"product_cat":[100461,99842,100458],"product_tag":[],"_links":{"self":[{"href":"https:\/\/universeproduction.com\/pl\/wp-json\/wp\/v2\/product\/1207636"}],"collection":[{"href":"https:\/\/universeproduction.com\/pl\/wp-json\/wp\/v2\/product"}],"about":[{"href":"https:\/\/universeproduction.com\/pl\/wp-json\/wp\/v2\/types\/product"}],"wp:featuredmedia":[{"embeddable":true,"href":"https:\/\/universeproduction.com\/pl\/wp-json\/wp\/v2\/media\/961821"}],"wp:attachment":[{"href":"https:\/\/universeproduction.com\/pl\/wp-json\/wp\/v2\/media?parent=1207636"}],"wp:term":[{"taxonomy":"product_cat","embeddable":true,"href":"https:\/\/universeproduction.com\/pl\/wp-json\/wp\/v2\/product_cat?post=1207636"},{"taxonomy":"product_tag","embeddable":true,"href":"https:\/\/universeproduction.com\/pl\/wp-json\/wp\/v2\/product_tag?post=1207636"}],"curies":[{"name":"wp","href":"https:\/\/api.w.org\/{rel}","templated":true}]}}