{"id":1207610,"date":"2022-10-14T11:35:34","date_gmt":"2022-10-14T11:35:34","guid":{"rendered":"https:\/\/universeproduction.eu\/product\/womens-jade-t-shirt\/"},"modified":"2022-10-14T11:35:34","modified_gmt":"2022-10-14T11:35:34","slug":"womens-jade-t-shirt","status":"publish","type":"product","link":"https:\/\/universeproduction.com\/pl\/produkt\/womens-jade-t-shirt\/","title":{"rendered":"Women\u00b4s Jade T-Shirt"},"content":{"rendered":"<p>Jersey 130. 100% poliester w dotyku przypominaj\u0105cy bawe\u0142n\u0119 | Lekki Tank Top | Szwy boczne | Plecy typu racerback | Zaokr\u0105glony d\u00f3\u0142 koszuli | Odpowiedni do zdobienia metod\u0105 sublimacji | Brak metki<\/p>\n","protected":false},"excerpt":{"rendered":"<p>Jersey 130. 100% poliester w dotyku przypominaj\u0105cy bawe\u0142n\u0119 | Lekki Tank Top | Szwy boczne | Plecy typu racerback | Zaokr\u0105glony d\u00f3\u0142 koszuli | Odpowiedni do zdobienia metod\u0105 sublimacji | Brak metki<\/p>\n","protected":false},"featured_media":954898,"template":"","meta":[],"product_cat":[100461,99842,100458],"product_tag":[],"_links":{"self":[{"href":"https:\/\/universeproduction.com\/pl\/wp-json\/wp\/v2\/product\/1207610"}],"collection":[{"href":"https:\/\/universeproduction.com\/pl\/wp-json\/wp\/v2\/product"}],"about":[{"href":"https:\/\/universeproduction.com\/pl\/wp-json\/wp\/v2\/types\/product"}],"wp:featuredmedia":[{"embeddable":true,"href":"https:\/\/universeproduction.com\/pl\/wp-json\/wp\/v2\/media\/954898"}],"wp:attachment":[{"href":"https:\/\/universeproduction.com\/pl\/wp-json\/wp\/v2\/media?parent=1207610"}],"wp:term":[{"taxonomy":"product_cat","embeddable":true,"href":"https:\/\/universeproduction.com\/pl\/wp-json\/wp\/v2\/product_cat?post=1207610"},{"taxonomy":"product_tag","embeddable":true,"href":"https:\/\/universeproduction.com\/pl\/wp-json\/wp\/v2\/product_tag?post=1207610"}],"curies":[{"name":"wp","href":"https:\/\/api.w.org\/{rel}","templated":true}]}}