{"id":1207551,"date":"2022-10-14T11:33:30","date_gmt":"2022-10-14T11:33:30","guid":{"rendered":"https:\/\/universeproduction.eu\/product\/inspire-tank-t-women_\/"},"modified":"2022-10-14T11:33:30","modified_gmt":"2022-10-14T11:33:30","slug":"inspire-tank-t-women_","status":"publish","type":"product","link":"https:\/\/universeproduction.com\/pl\/produkt\/inspire-tank-t-women_\/","title":{"rendered":"Inspire Tank T \/Women_\u00b0"},"content":{"rendered":"<p>100% czesana, organiczna bawe\u0142na ring spun | \u201eNeutralna metka rozmiarowa B&#038;C\u201d | Lekko dopasowany fason | Lam\u00f3wka na dekolcie | Organiczny, mi\u0119kki Jersey | Bardzo g\u0142adka powierzchnia | B&#038;C Collection jest cz\u0142onkiem Fair Wear Foundation<\/p>\n","protected":false},"excerpt":{"rendered":"<p>100% czesana, organiczna bawe\u0142na ring spun | \u201eNeutralna metka rozmiarowa B&#038;C\u201d | Lekko dopasowany fason | Lam\u00f3wka na dekolcie | Organiczny, mi\u0119kki Jersey | Bardzo g\u0142adka powierzchnia | B&#038;C Collection jest cz\u0142onkiem Fair Wear Foundation<\/p>\n","protected":false},"featured_media":1152536,"template":"","meta":[],"product_cat":[100461,99842,100458],"product_tag":[],"_links":{"self":[{"href":"https:\/\/universeproduction.com\/pl\/wp-json\/wp\/v2\/product\/1207551"}],"collection":[{"href":"https:\/\/universeproduction.com\/pl\/wp-json\/wp\/v2\/product"}],"about":[{"href":"https:\/\/universeproduction.com\/pl\/wp-json\/wp\/v2\/types\/product"}],"wp:featuredmedia":[{"embeddable":true,"href":"https:\/\/universeproduction.com\/pl\/wp-json\/wp\/v2\/media\/1152536"}],"wp:attachment":[{"href":"https:\/\/universeproduction.com\/pl\/wp-json\/wp\/v2\/media?parent=1207551"}],"wp:term":[{"taxonomy":"product_cat","embeddable":true,"href":"https:\/\/universeproduction.com\/pl\/wp-json\/wp\/v2\/product_cat?post=1207551"},{"taxonomy":"product_tag","embeddable":true,"href":"https:\/\/universeproduction.com\/pl\/wp-json\/wp\/v2\/product_tag?post=1207551"}],"curies":[{"name":"wp","href":"https:\/\/api.w.org\/{rel}","templated":true}]}}