{"id":1207502,"date":"2022-10-14T11:20:03","date_gmt":"2022-10-14T11:20:03","guid":{"rendered":"https:\/\/universeproduction.eu\/product\/ladies-softstyle-tank-top\/"},"modified":"2022-10-14T11:20:03","modified_gmt":"2022-10-14T11:20:03","slug":"ladies-softstyle-tank-top","status":"publish","type":"product","link":"https:\/\/universeproduction.com\/pl\/produkt\/ladies-softstyle-tank-top\/","title":{"rendered":"Ladies\u00b4 Softstyle\u00ae Tank Top"},"content":{"rendered":"<p>Bawe\u0142na ring-spun | Mi\u0119kka tkanina typu ring-spun | G\u0142adka powierzchnia materia\u0142u poch\u0142aniaj\u0105cego wilgo\u0107 | Pr\u0105\u017ckowane wyko\u0144czenie dekoltu i wykroju pach | Podw\u00f3jny szew u do\u0142u koszulki | Dopasowany fason ze szwami bocznymi | Odrywana metka w kolorze szarym z po\u0142yskiem<\/p>\n","protected":false},"excerpt":{"rendered":"<p>Bawe\u0142na ring-spun | Mi\u0119kka tkanina typu ring-spun | G\u0142adka powierzchnia materia\u0142u poch\u0142aniaj\u0105cego wilgo\u0107 | Pr\u0105\u017ckowane wyko\u0144czenie dekoltu i wykroju pach | Podw\u00f3jny szew u do\u0142u koszulki | Dopasowany fason ze szwami bocznymi | Odrywana metka w kolorze szarym z po\u0142yskiem<\/p>\n","protected":false},"featured_media":1152464,"template":"","meta":[],"product_cat":[100461,99842,100458],"product_tag":[],"_links":{"self":[{"href":"https:\/\/universeproduction.com\/pl\/wp-json\/wp\/v2\/product\/1207502"}],"collection":[{"href":"https:\/\/universeproduction.com\/pl\/wp-json\/wp\/v2\/product"}],"about":[{"href":"https:\/\/universeproduction.com\/pl\/wp-json\/wp\/v2\/types\/product"}],"wp:featuredmedia":[{"embeddable":true,"href":"https:\/\/universeproduction.com\/pl\/wp-json\/wp\/v2\/media\/1152464"}],"wp:attachment":[{"href":"https:\/\/universeproduction.com\/pl\/wp-json\/wp\/v2\/media?parent=1207502"}],"wp:term":[{"taxonomy":"product_cat","embeddable":true,"href":"https:\/\/universeproduction.com\/pl\/wp-json\/wp\/v2\/product_cat?post=1207502"},{"taxonomy":"product_tag","embeddable":true,"href":"https:\/\/universeproduction.com\/pl\/wp-json\/wp\/v2\/product_tag?post=1207502"}],"curies":[{"name":"wp","href":"https:\/\/api.w.org\/{rel}","templated":true}]}}