{"id":1207443,"date":"2022-10-14T11:19:39","date_gmt":"2022-10-14T11:19:39","guid":{"rendered":"https:\/\/universeproduction.eu\/product\/womens-tank-top-jane\/"},"modified":"2022-10-14T11:19:39","modified_gmt":"2022-10-14T11:19:39","slug":"womens-tank-top-jane","status":"publish","type":"product","link":"https:\/\/universeproduction.com\/pl\/produkt\/womens-tank-top-jane\/","title":{"rendered":"Women\u00b4s Tank Top Jane"},"content":{"rendered":"<p>Pr\u0105\u017ckowane lam\u00f3wki | Szwy boczne | Cz\u0119\u015bciowo szczotkowana bawe\u0142na ring-spun<\/p>\n","protected":false},"excerpt":{"rendered":"<p>Pr\u0105\u017ckowane lam\u00f3wki | Szwy boczne | Cz\u0119\u015bciowo szczotkowana bawe\u0142na ring-spun<\/p>\n","protected":false},"featured_media":1152461,"template":"","meta":[],"product_cat":[100461,99842,100458],"product_tag":[],"_links":{"self":[{"href":"https:\/\/universeproduction.com\/pl\/wp-json\/wp\/v2\/product\/1207443"}],"collection":[{"href":"https:\/\/universeproduction.com\/pl\/wp-json\/wp\/v2\/product"}],"about":[{"href":"https:\/\/universeproduction.com\/pl\/wp-json\/wp\/v2\/types\/product"}],"wp:featuredmedia":[{"embeddable":true,"href":"https:\/\/universeproduction.com\/pl\/wp-json\/wp\/v2\/media\/1152461"}],"wp:attachment":[{"href":"https:\/\/universeproduction.com\/pl\/wp-json\/wp\/v2\/media?parent=1207443"}],"wp:term":[{"taxonomy":"product_cat","embeddable":true,"href":"https:\/\/universeproduction.com\/pl\/wp-json\/wp\/v2\/product_cat?post=1207443"},{"taxonomy":"product_tag","embeddable":true,"href":"https:\/\/universeproduction.com\/pl\/wp-json\/wp\/v2\/product_tag?post=1207443"}],"curies":[{"name":"wp","href":"https:\/\/api.w.org\/{rel}","templated":true}]}}