{"id":1207352,"date":"2022-10-14T11:18:52","date_gmt":"2022-10-14T11:18:52","guid":{"rendered":"https:\/\/universeproduction.eu\/product\/ladies-valueweight-vest\/"},"modified":"2022-10-14T11:18:52","modified_gmt":"2022-10-14T11:18:52","slug":"ladies-valueweight-vest","status":"publish","type":"product","link":"https:\/\/universeproduction.com\/pl\/produkt\/ladies-valueweight-vest\/","title":{"rendered":"Ladies\u00b4 Valueweight Vest"},"content":{"rendered":"<p>Wyprofilowane szwy boczne zapewniaj\u0105 kobiecy kr\u00f3j | Lam\u00f3wka wok\u00f3\u0142 dekoltu i wykroju pach w tym samym kolorze | Tkanina o drobnym splocie<\/p>\n","protected":false},"excerpt":{"rendered":"<p>Wyprofilowane szwy boczne zapewniaj\u0105 kobiecy kr\u00f3j | Lam\u00f3wka wok\u00f3\u0142 dekoltu i wykroju pach w tym samym kolorze | Tkanina o drobnym splocie<\/p>\n","protected":false},"featured_media":1224773,"template":"","meta":[],"product_cat":[100461,99842,100458],"product_tag":[],"_links":{"self":[{"href":"https:\/\/universeproduction.com\/pl\/wp-json\/wp\/v2\/product\/1207352"}],"collection":[{"href":"https:\/\/universeproduction.com\/pl\/wp-json\/wp\/v2\/product"}],"about":[{"href":"https:\/\/universeproduction.com\/pl\/wp-json\/wp\/v2\/types\/product"}],"wp:featuredmedia":[{"embeddable":true,"href":"https:\/\/universeproduction.com\/pl\/wp-json\/wp\/v2\/media\/1224773"}],"wp:attachment":[{"href":"https:\/\/universeproduction.com\/pl\/wp-json\/wp\/v2\/media?parent=1207352"}],"wp:term":[{"taxonomy":"product_cat","embeddable":true,"href":"https:\/\/universeproduction.com\/pl\/wp-json\/wp\/v2\/product_cat?post=1207352"},{"taxonomy":"product_tag","embeddable":true,"href":"https:\/\/universeproduction.com\/pl\/wp-json\/wp\/v2\/product_tag?post=1207352"}],"curies":[{"name":"wp","href":"https:\/\/api.w.org\/{rel}","templated":true}]}}