{"id":1207185,"date":"2022-10-14T11:18:06","date_gmt":"2022-10-14T11:18:06","guid":{"rendered":"https:\/\/universeproduction.eu\/product\/womens-justin-tank-top\/"},"modified":"2022-10-14T11:18:06","modified_gmt":"2022-10-14T11:18:06","slug":"womens-justin-tank-top","status":"publish","type":"product","link":"https:\/\/universeproduction.com\/pl\/produkt\/womens-justin-tank-top\/","title":{"rendered":"Women\u00b4s Justin Tank Top"},"content":{"rendered":"<p>Plecy typu racerback | Szwy boczne | P\u00f3\u0142czesana bawe\u0142na ring spun | Lam\u00f3wka na wyko\u0144czeniu dekoltu i linii pach<\/p>\n","protected":false},"excerpt":{"rendered":"<p>Plecy typu racerback | Szwy boczne | P\u00f3\u0142czesana bawe\u0142na ring spun | Lam\u00f3wka na wyko\u0144czeniu dekoltu i linii pach<\/p>\n","protected":false},"featured_media":1152455,"template":"","meta":[],"product_cat":[100461,99842,100458],"product_tag":[],"_links":{"self":[{"href":"https:\/\/universeproduction.com\/pl\/wp-json\/wp\/v2\/product\/1207185"}],"collection":[{"href":"https:\/\/universeproduction.com\/pl\/wp-json\/wp\/v2\/product"}],"about":[{"href":"https:\/\/universeproduction.com\/pl\/wp-json\/wp\/v2\/types\/product"}],"wp:featuredmedia":[{"embeddable":true,"href":"https:\/\/universeproduction.com\/pl\/wp-json\/wp\/v2\/media\/1152455"}],"wp:attachment":[{"href":"https:\/\/universeproduction.com\/pl\/wp-json\/wp\/v2\/media?parent=1207185"}],"wp:term":[{"taxonomy":"product_cat","embeddable":true,"href":"https:\/\/universeproduction.com\/pl\/wp-json\/wp\/v2\/product_cat?post=1207185"},{"taxonomy":"product_tag","embeddable":true,"href":"https:\/\/universeproduction.com\/pl\/wp-json\/wp\/v2\/product_tag?post=1207185"}],"curies":[{"name":"wp","href":"https:\/\/api.w.org\/{rel}","templated":true}]}}