{"id":1206722,"date":"2022-10-14T09:23:42","date_gmt":"2022-10-14T09:23:42","guid":{"rendered":"https:\/\/universeproduction.eu\/product\/womens-flowy-v-neck-t-shirt-motion\/"},"modified":"2022-10-14T09:23:42","modified_gmt":"2022-10-14T09:23:42","slug":"womens-flowy-v-neck-t-shirt-motion","status":"publish","type":"product","link":"https:\/\/universeproduction.com\/pl\/produkt\/womens-flowy-v-neck-t-shirt-motion\/","title":{"rendered":"Women\u00b4s Flowy V-Neck T-Shirt Motion"},"content":{"rendered":"<p>120 Sheer Jersey | Ta\u015bma wzmacniaj\u0105ca na karku | Dekolt w szpic | Kr\u00f3tkie r\u0119kawy | Szwy boczne<\/p>\n","protected":false},"excerpt":{"rendered":"<p>120 Sheer Jersey | Ta\u015bma wzmacniaj\u0105ca na karku | Dekolt w szpic | Kr\u00f3tkie r\u0119kawy | Szwy boczne<\/p>\n","protected":false},"featured_media":1224779,"template":"","meta":[],"product_cat":[99842,100460,100458],"product_tag":[],"_links":{"self":[{"href":"https:\/\/universeproduction.com\/pl\/wp-json\/wp\/v2\/product\/1206722"}],"collection":[{"href":"https:\/\/universeproduction.com\/pl\/wp-json\/wp\/v2\/product"}],"about":[{"href":"https:\/\/universeproduction.com\/pl\/wp-json\/wp\/v2\/types\/product"}],"wp:featuredmedia":[{"embeddable":true,"href":"https:\/\/universeproduction.com\/pl\/wp-json\/wp\/v2\/media\/1224779"}],"wp:attachment":[{"href":"https:\/\/universeproduction.com\/pl\/wp-json\/wp\/v2\/media?parent=1206722"}],"wp:term":[{"taxonomy":"product_cat","embeddable":true,"href":"https:\/\/universeproduction.com\/pl\/wp-json\/wp\/v2\/product_cat?post=1206722"},{"taxonomy":"product_tag","embeddable":true,"href":"https:\/\/universeproduction.com\/pl\/wp-json\/wp\/v2\/product_tag?post=1206722"}],"curies":[{"name":"wp","href":"https:\/\/api.w.org\/{rel}","templated":true}]}}