{"id":1206438,"date":"2022-10-14T09:23:34","date_gmt":"2022-10-14T09:23:34","guid":{"rendered":"https:\/\/universeproduction.eu\/product\/ladies-valueweight-v-neck-t\/"},"modified":"2022-10-14T09:23:34","modified_gmt":"2022-10-14T09:23:34","slug":"ladies-valueweight-v-neck-t","status":"publish","type":"product","link":"https:\/\/universeproduction.com\/pl\/produkt\/ladies-valueweight-v-neck-t\/","title":{"rendered":"Ladies\u00b4 Valueweight V Neck T"},"content":{"rendered":"<p>Pr\u0105\u017ckowany dekolt w szpic z dzianiny bawe\u0142nianej z dodatkiem Lycry\u00ae | Ta\u015bma z tego samego materia\u0142u na karku | Wyprofilowane szwy boczne zapewniaj\u0105 kobiecy kr\u00f3j | Tkanina o drobnym splocie<\/p>\n","protected":false},"excerpt":{"rendered":"<p>Pr\u0105\u017ckowany dekolt w szpic z dzianiny bawe\u0142nianej z dodatkiem Lycry\u00ae | Ta\u015bma z tego samego materia\u0142u na karku | Wyprofilowane szwy boczne zapewniaj\u0105 kobiecy kr\u00f3j | Tkanina o drobnym splocie<\/p>\n","protected":false},"featured_media":858173,"template":"","meta":[],"product_cat":[99842,100460,100458],"product_tag":[],"_links":{"self":[{"href":"https:\/\/universeproduction.com\/pl\/wp-json\/wp\/v2\/product\/1206438"}],"collection":[{"href":"https:\/\/universeproduction.com\/pl\/wp-json\/wp\/v2\/product"}],"about":[{"href":"https:\/\/universeproduction.com\/pl\/wp-json\/wp\/v2\/types\/product"}],"wp:featuredmedia":[{"embeddable":true,"href":"https:\/\/universeproduction.com\/pl\/wp-json\/wp\/v2\/media\/858173"}],"wp:attachment":[{"href":"https:\/\/universeproduction.com\/pl\/wp-json\/wp\/v2\/media?parent=1206438"}],"wp:term":[{"taxonomy":"product_cat","embeddable":true,"href":"https:\/\/universeproduction.com\/pl\/wp-json\/wp\/v2\/product_cat?post=1206438"},{"taxonomy":"product_tag","embeddable":true,"href":"https:\/\/universeproduction.com\/pl\/wp-json\/wp\/v2\/product_tag?post=1206438"}],"curies":[{"name":"wp","href":"https:\/\/api.w.org\/{rel}","templated":true}]}}