{"id":1206179,"date":"2022-10-14T09:23:30","date_gmt":"2022-10-14T09:23:30","guid":{"rendered":"https:\/\/universeproduction.eu\/product\/inspire-v-t-women_\/"},"modified":"2022-10-14T09:23:30","modified_gmt":"2022-10-14T09:23:30","slug":"inspire-v-t-women_","status":"publish","type":"product","link":"https:\/\/universeproduction.com\/pl\/produkt\/inspire-v-t-women_\/","title":{"rendered":"Inspire V T \/Women_\u00b0"},"content":{"rendered":"<p>100% czesana, organiczna bawe\u0142na ring spun | Szwy na karku i ramionach wzmocnione mi\u0119kkim obszyciem | Szwy boczne | Lekko dopasowany kr\u00f3j | Pr\u0105\u017ckowany dekolt w szpic | Neutralna metka rozmiarowa | B&#038;C Collection jest cz\u0142onkiem Fair Wear Foundation<\/p>\n","protected":false},"excerpt":{"rendered":"<p>100% czesana, organiczna bawe\u0142na ring spun | Szwy na karku i ramionach wzmocnione mi\u0119kkim obszyciem | Szwy boczne | Lekko dopasowany kr\u00f3j | Pr\u0105\u017ckowany dekolt w szpic | Neutralna metka rozmiarowa | B&#038;C Collection jest cz\u0142onkiem Fair Wear Foundation<\/p>\n","protected":false},"featured_media":782533,"template":"","meta":[],"product_cat":[99842,100460,100458],"product_tag":[],"_links":{"self":[{"href":"https:\/\/universeproduction.com\/pl\/wp-json\/wp\/v2\/product\/1206179"}],"collection":[{"href":"https:\/\/universeproduction.com\/pl\/wp-json\/wp\/v2\/product"}],"about":[{"href":"https:\/\/universeproduction.com\/pl\/wp-json\/wp\/v2\/types\/product"}],"wp:featuredmedia":[{"embeddable":true,"href":"https:\/\/universeproduction.com\/pl\/wp-json\/wp\/v2\/media\/782533"}],"wp:attachment":[{"href":"https:\/\/universeproduction.com\/pl\/wp-json\/wp\/v2\/media?parent=1206179"}],"wp:term":[{"taxonomy":"product_cat","embeddable":true,"href":"https:\/\/universeproduction.com\/pl\/wp-json\/wp\/v2\/product_cat?post=1206179"},{"taxonomy":"product_tag","embeddable":true,"href":"https:\/\/universeproduction.com\/pl\/wp-json\/wp\/v2\/product_tag?post=1206179"}],"curies":[{"name":"wp","href":"https:\/\/api.w.org\/{rel}","templated":true}]}}