{"id":1205999,"date":"2022-10-14T09:23:24","date_gmt":"2022-10-14T09:23:24","guid":{"rendered":"https:\/\/universeproduction.eu\/product\/the-boyfriend-t\/"},"modified":"2022-10-14T09:23:24","modified_gmt":"2022-10-14T09:23:24","slug":"the-boyfriend-t","status":"publish","type":"product","link":"https:\/\/universeproduction.com\/pl\/produkt\/the-boyfriend-t\/","title":{"rendered":"The Boyfriend T"},"content":{"rendered":"<p>Bawe\u0142na organiczna lub w konwersji na organiczn\u0105 | Wyd\u0142u\u017cony ty\u0142 | Podwijane r\u0119kawy | Wygodny fason | Prosty d\u00f3\u0142 koszulki | Odrywana metka<\/p>\n","protected":false},"excerpt":{"rendered":"<p>Bawe\u0142na organiczna lub w konwersji na organiczn\u0105 | Wyd\u0142u\u017cony ty\u0142 | Podwijane r\u0119kawy | Wygodny fason | Prosty d\u00f3\u0142 koszulki | Odrywana metka<\/p>\n","protected":false},"featured_media":1224785,"template":"","meta":[],"product_cat":[99842,100460,100458],"product_tag":[],"_links":{"self":[{"href":"https:\/\/universeproduction.com\/pl\/wp-json\/wp\/v2\/product\/1205999"}],"collection":[{"href":"https:\/\/universeproduction.com\/pl\/wp-json\/wp\/v2\/product"}],"about":[{"href":"https:\/\/universeproduction.com\/pl\/wp-json\/wp\/v2\/types\/product"}],"wp:featuredmedia":[{"embeddable":true,"href":"https:\/\/universeproduction.com\/pl\/wp-json\/wp\/v2\/media\/1224785"}],"wp:attachment":[{"href":"https:\/\/universeproduction.com\/pl\/wp-json\/wp\/v2\/media?parent=1205999"}],"wp:term":[{"taxonomy":"product_cat","embeddable":true,"href":"https:\/\/universeproduction.com\/pl\/wp-json\/wp\/v2\/product_cat?post=1205999"},{"taxonomy":"product_tag","embeddable":true,"href":"https:\/\/universeproduction.com\/pl\/wp-json\/wp\/v2\/product_tag?post=1205999"}],"curies":[{"name":"wp","href":"https:\/\/api.w.org\/{rel}","templated":true}]}}