{"id":1205710,"date":"2022-10-14T09:23:13","date_gmt":"2022-10-14T09:23:13","guid":{"rendered":"https:\/\/universeproduction.eu\/product\/ladies-tri-blend-dolman-t-shirt\/"},"modified":"2022-10-14T09:23:13","modified_gmt":"2022-10-14T09:23:13","slug":"ladies-tri-blend-dolman-t-shirt","status":"publish","type":"product","link":"https:\/\/universeproduction.com\/pl\/produkt\/ladies-tri-blend-dolman-t-shirt\/","title":{"rendered":"Ladies\u00b4 Tri-Blend Dolman T-Shirt"},"content":{"rendered":"<p>Dzianina Jersey Tri-Blend | 50% poliester \/ 25% czesana bawe\u0142na ring-spun \/ 25% wiskoza | Dekolt typu Dolman | Wszywany ko\u0142nierzyk dzieci\u0119cy Tri-Blend 1&#215;1 ze \u015bciegiem kryj\u0105cym z przodu | Satynowa metka<\/p>\n","protected":false},"excerpt":{"rendered":"<p>Dzianina Jersey Tri-Blend | 50% poliester \/ 25% czesana bawe\u0142na ring-spun \/ 25% wiskoza | Dekolt typu Dolman | Wszywany ko\u0142nierzyk dzieci\u0119cy Tri-Blend 1&#215;1 ze \u015bciegiem kryj\u0105cym z przodu | Satynowa metka<\/p>\n","protected":false},"featured_media":1056817,"template":"","meta":[],"product_cat":[99842,100460,100458],"product_tag":[],"_links":{"self":[{"href":"https:\/\/universeproduction.com\/pl\/wp-json\/wp\/v2\/product\/1205710"}],"collection":[{"href":"https:\/\/universeproduction.com\/pl\/wp-json\/wp\/v2\/product"}],"about":[{"href":"https:\/\/universeproduction.com\/pl\/wp-json\/wp\/v2\/types\/product"}],"wp:featuredmedia":[{"embeddable":true,"href":"https:\/\/universeproduction.com\/pl\/wp-json\/wp\/v2\/media\/1056817"}],"wp:attachment":[{"href":"https:\/\/universeproduction.com\/pl\/wp-json\/wp\/v2\/media?parent=1205710"}],"wp:term":[{"taxonomy":"product_cat","embeddable":true,"href":"https:\/\/universeproduction.com\/pl\/wp-json\/wp\/v2\/product_cat?post=1205710"},{"taxonomy":"product_tag","embeddable":true,"href":"https:\/\/universeproduction.com\/pl\/wp-json\/wp\/v2\/product_tag?post=1205710"}],"curies":[{"name":"wp","href":"https:\/\/api.w.org\/{rel}","templated":true}]}}