{"id":1205475,"date":"2022-10-14T09:23:03","date_gmt":"2022-10-14T09:23:03","guid":{"rendered":"https:\/\/universeproduction.eu\/product\/ladies-long-slub-tee\/"},"modified":"2022-10-14T09:23:03","modified_gmt":"2022-10-14T09:23:03","slug":"ladies-long-slub-tee","status":"publish","type":"product","link":"https:\/\/universeproduction.com\/pl\/produkt\/ladies-long-slub-tee\/","title":{"rendered":"Ladies\u00b4 Long Slub Tee"},"content":{"rendered":"<p>Slub jersey | Neutralna metka rozmiarowa | Wyd\u0142u\u017cony ty\u0142 | Modny fason<\/p>\n","protected":false},"excerpt":{"rendered":"<p>Slub jersey | Neutralna metka rozmiarowa | Wyd\u0142u\u017cony ty\u0142 | Modny fason<\/p>\n","protected":false},"featured_media":1224792,"template":"","meta":[],"product_cat":[99842,100460,100458],"product_tag":[],"_links":{"self":[{"href":"https:\/\/universeproduction.com\/pl\/wp-json\/wp\/v2\/product\/1205475"}],"collection":[{"href":"https:\/\/universeproduction.com\/pl\/wp-json\/wp\/v2\/product"}],"about":[{"href":"https:\/\/universeproduction.com\/pl\/wp-json\/wp\/v2\/types\/product"}],"wp:featuredmedia":[{"embeddable":true,"href":"https:\/\/universeproduction.com\/pl\/wp-json\/wp\/v2\/media\/1224792"}],"wp:attachment":[{"href":"https:\/\/universeproduction.com\/pl\/wp-json\/wp\/v2\/media?parent=1205475"}],"wp:term":[{"taxonomy":"product_cat","embeddable":true,"href":"https:\/\/universeproduction.com\/pl\/wp-json\/wp\/v2\/product_cat?post=1205475"},{"taxonomy":"product_tag","embeddable":true,"href":"https:\/\/universeproduction.com\/pl\/wp-json\/wp\/v2\/product_tag?post=1205475"}],"curies":[{"name":"wp","href":"https:\/\/api.w.org\/{rel}","templated":true}]}}