{"id":1204894,"date":"2022-10-14T09:23:02","date_gmt":"2022-10-14T09:23:02","guid":{"rendered":"https:\/\/universeproduction.eu\/product\/womens-t-shirt-marylin\/"},"modified":"2022-10-14T09:23:02","modified_gmt":"2022-10-14T09:23:02","slug":"womens-t-shirt-marylin","status":"publish","type":"product","link":"https:\/\/universeproduction.com\/pl\/produkt\/womens-t-shirt-marylin\/","title":{"rendered":"Women\u00b4s T-Shirt Marylin"},"content":{"rendered":"<p>Bawe\u0142na ring spun | Podw\u00f3jne szwy na r\u0119kawach u do\u0142u koszulki | R\u0119kawy typu Kimono | Sheer Jersey | Ta\u015bma wzmacniaj\u0105ca na karku | G\u0142\u0119boki dekolt z w\u0105sk\u0105 lam\u00f3wk\u0105<\/p>\n","protected":false},"excerpt":{"rendered":"<p>Bawe\u0142na ring spun | Podw\u00f3jne szwy na r\u0119kawach u do\u0142u koszulki | R\u0119kawy typu Kimono | Sheer Jersey | Ta\u015bma wzmacniaj\u0105ca na karku | G\u0142\u0119boki dekolt z w\u0105sk\u0105 lam\u00f3wk\u0105<\/p>\n","protected":false},"featured_media":960059,"template":"","meta":[],"product_cat":[99842,100460,100458],"product_tag":[],"_links":{"self":[{"href":"https:\/\/universeproduction.com\/pl\/wp-json\/wp\/v2\/product\/1204894"}],"collection":[{"href":"https:\/\/universeproduction.com\/pl\/wp-json\/wp\/v2\/product"}],"about":[{"href":"https:\/\/universeproduction.com\/pl\/wp-json\/wp\/v2\/types\/product"}],"wp:featuredmedia":[{"embeddable":true,"href":"https:\/\/universeproduction.com\/pl\/wp-json\/wp\/v2\/media\/960059"}],"wp:attachment":[{"href":"https:\/\/universeproduction.com\/pl\/wp-json\/wp\/v2\/media?parent=1204894"}],"wp:term":[{"taxonomy":"product_cat","embeddable":true,"href":"https:\/\/universeproduction.com\/pl\/wp-json\/wp\/v2\/product_cat?post=1204894"},{"taxonomy":"product_tag","embeddable":true,"href":"https:\/\/universeproduction.com\/pl\/wp-json\/wp\/v2\/product_tag?post=1204894"}],"curies":[{"name":"wp","href":"https:\/\/api.w.org\/{rel}","templated":true}]}}