{"id":1203569,"date":"2022-10-14T09:21:59","date_gmt":"2022-10-14T09:21:59","guid":{"rendered":"https:\/\/universeproduction.eu\/product\/ladies-heavy-cotton-t-shirt\/"},"modified":"2022-10-14T09:21:59","modified_gmt":"2022-10-14T09:21:59","slug":"ladies-heavy-cotton-t-shirt","status":"publish","type":"product","link":"https:\/\/universeproduction.com\/pl\/produkt\/ladies-heavy-cotton-t-shirt\/","title":{"rendered":"Ladies\u00b4 Heavy Cotton&#x2122; T-Shirt"},"content":{"rendered":"<p>Klasyczna tkanina o \u015bredniej wadze | Ko\u0142nierzyk wyko\u0144czony dzianin\u0105 pr\u0105\u017ckowan\u0105 (1,3 cm) | Ta\u015bma wzmacniaj\u0105ca wzd\u0142u\u017c ramion | Kr\u00f3tkie r\u0119kawki typu cap | Podw\u00f3jny szew na r\u0119kawach i u do\u0142u koszulki | Lekko dopasowany kr\u00f3j, ze szwami bocznymi | Odrywana metka w kolorze szarym z po\u0142yskiem | Przej\u015bcie do nowej, w\u0105skiej, d\u0142ugiej metki w kolorze szarym<\/p>\n","protected":false},"excerpt":{"rendered":"<p>Klasyczna tkanina o \u015bredniej wadze | Ko\u0142nierzyk wyko\u0144czony dzianin\u0105 pr\u0105\u017ckowan\u0105 (1,3 cm) | Ta\u015bma wzmacniaj\u0105ca wzd\u0142u\u017c ramion | Kr\u00f3tkie r\u0119kawki typu cap | Podw\u00f3jny szew na r\u0119kawach i u do\u0142u koszulki | Lekko dopasowany kr\u00f3j, ze szwami bocznymi | Odrywana metka w kolorze szarym z po\u0142yskiem | Przej\u015bcie do nowej, w\u0105skiej, d\u0142ugiej metki w kolorze [&hellip;]<\/p>\n","protected":false},"featured_media":874538,"template":"","meta":[],"product_cat":[99842,100460,100458],"product_tag":[],"_links":{"self":[{"href":"https:\/\/universeproduction.com\/pl\/wp-json\/wp\/v2\/product\/1203569"}],"collection":[{"href":"https:\/\/universeproduction.com\/pl\/wp-json\/wp\/v2\/product"}],"about":[{"href":"https:\/\/universeproduction.com\/pl\/wp-json\/wp\/v2\/types\/product"}],"wp:featuredmedia":[{"embeddable":true,"href":"https:\/\/universeproduction.com\/pl\/wp-json\/wp\/v2\/media\/874538"}],"wp:attachment":[{"href":"https:\/\/universeproduction.com\/pl\/wp-json\/wp\/v2\/media?parent=1203569"}],"wp:term":[{"taxonomy":"product_cat","embeddable":true,"href":"https:\/\/universeproduction.com\/pl\/wp-json\/wp\/v2\/product_cat?post=1203569"},{"taxonomy":"product_tag","embeddable":true,"href":"https:\/\/universeproduction.com\/pl\/wp-json\/wp\/v2\/product_tag?post=1203569"}],"curies":[{"name":"wp","href":"https:\/\/api.w.org\/{rel}","templated":true}]}}