{"id":1202916,"date":"2022-10-14T09:21:51","date_gmt":"2022-10-14T09:21:51","guid":{"rendered":"https:\/\/universeproduction.eu\/product\/ladies-premium-cotton-t-shirt\/"},"modified":"2022-10-14T09:21:51","modified_gmt":"2022-10-14T09:21:51","slug":"ladies-premium-cotton-t-shirt","status":"publish","type":"product","link":"https:\/\/universeproduction.com\/pl\/produkt\/ladies-premium-cotton-t-shirt\/","title":{"rendered":"Ladies\u00b4 Premium Cotton\u00ae T-Shirt"},"content":{"rendered":"<p>Bawe\u0142na ring-spun | Mi\u0119kka tkanina typu ring-spun o \u015bredniej grubo\u015bci | Ko\u0142nierzyk wyko\u0144czony dzianin\u0105 pr\u0105\u017ckowan\u0105 (1,2 cm) | Ta\u015bma wzmacniaj\u0105ca wzd\u0142u\u017c ramion | Podw\u00f3jny szew na r\u0119kawach i u do\u0142u koszulki | Lekko dopasowany kr\u00f3j, ze szwami bocznymi | Odrywana metka<\/p>\n","protected":false},"excerpt":{"rendered":"<p>Bawe\u0142na ring-spun | Mi\u0119kka tkanina typu ring-spun o \u015bredniej grubo\u015bci | Ko\u0142nierzyk wyko\u0144czony dzianin\u0105 pr\u0105\u017ckowan\u0105 (1,2 cm) | Ta\u015bma wzmacniaj\u0105ca wzd\u0142u\u017c ramion | Podw\u00f3jny szew na r\u0119kawach i u do\u0142u koszulki | Lekko dopasowany kr\u00f3j, ze szwami bocznymi | Odrywana metka<\/p>\n","protected":false},"featured_media":873089,"template":"","meta":[],"product_cat":[99842,100460,100458],"product_tag":[],"_links":{"self":[{"href":"https:\/\/universeproduction.com\/pl\/wp-json\/wp\/v2\/product\/1202916"}],"collection":[{"href":"https:\/\/universeproduction.com\/pl\/wp-json\/wp\/v2\/product"}],"about":[{"href":"https:\/\/universeproduction.com\/pl\/wp-json\/wp\/v2\/types\/product"}],"wp:featuredmedia":[{"embeddable":true,"href":"https:\/\/universeproduction.com\/pl\/wp-json\/wp\/v2\/media\/873089"}],"wp:attachment":[{"href":"https:\/\/universeproduction.com\/pl\/wp-json\/wp\/v2\/media?parent=1202916"}],"wp:term":[{"taxonomy":"product_cat","embeddable":true,"href":"https:\/\/universeproduction.com\/pl\/wp-json\/wp\/v2\/product_cat?post=1202916"},{"taxonomy":"product_tag","embeddable":true,"href":"https:\/\/universeproduction.com\/pl\/wp-json\/wp\/v2\/product_tag?post=1202916"}],"curies":[{"name":"wp","href":"https:\/\/api.w.org\/{rel}","templated":true}]}}